{"id":2846,"date":"2020-04-24T14:43:36","date_gmt":"2020-04-24T11:43:36","guid":{"rendered":"https:\/\/kari.fi\/products\/kari-float-switch-2h-2l-2y-2a-2hl\/"},"modified":"2022-05-17T11:04:00","modified_gmt":"2022-05-17T08:04:00","slug":"kari-pintakytkin-2h-2l-2y-2a-2hl","status":"publish","type":"product","link":"https:\/\/kari.fi\/fi\/tuotteet\/kari-pintakytkin-2h-2l-2y-2a-2hl\/","title":{"rendered":"KARI-pintakytkin 2H | 2L | 2Y | 2A | 2HL"},"content":{"rendered":"<h3>Esimerkki 2H.mallin toiminnasta<\/h3>\n<div class=\"sw-desc\"><img decoding=\"async\" src=\"\/wp-content\/uploads\/2020\/04\/play-b.png\" alt=\"Play\" \/><b>K\u00e4ynnistys<\/b><br \/>\nNestett\u00e4 paljon. Tyhjennyspumppu k\u00e4ynnistyy.<\/div>\n<div class=\"sw-desc\"><img decoding=\"async\" src=\"\/wp-content\/uploads\/2020\/04\/stop-b.png\" alt=\"Stop\" \/><b>Pys\u00e4ytys<\/b><br \/>\nTyhjennyksen alaraja. Tyhjennyspumppu pys\u00e4htyy.<\/div>\n<h3 class=\"sec-h\">Toiminnot<\/h3>\n<p><strong>Tyhjennyspumpun ohjaus<\/strong><\/p>\n<table class=\"desc-table\">\n<tbody>\n<tr>\n<td>2H<\/td>\n<td><span class=\"Y2IQFc\" lang=\"fi\">Pumpun ohjaus yhdell\u00e4 kytkinelementill\u00e4<\/span><\/td>\n<\/tr>\n<tr>\n<td>2Y<\/td>\n<td><span class=\"Y2IQFc\" lang=\"fi\">Pumpun ohjaus kahdella kytkinelementill\u00e4. Vaihtoehtoisesti kaksi korkean tason h\u00e4lytyst\u00e4.<\/span><\/td>\n<\/tr>\n<\/tbody>\n<\/table>\n<p><strong>T\u00e4ytt\u00f6pumpun ohjaus<\/strong><\/p>\n<table class=\"desc-table\">\n<tbody>\n<tr>\n<td>2L<\/td>\n<td><span class=\"Y2IQFc\" lang=\"fi\">Pumpun ohjaus yhdell\u00e4 kytkinelementill\u00e4<\/span><\/td>\n<\/tr>\n<tr>\n<td>2A<\/td>\n<td><span class=\"Y2IQFc\" lang=\"fi\">Pumpun ohjaus kahdella kytkinelementill\u00e4. Vaihtoehtoisesti kaksi matalan tason h\u00e4lytyst\u00e4<\/span><\/td>\n<\/tr>\n<\/tbody>\n<\/table>\n<p><b>H\u00e4lytys<\/b><\/p>\n<table class=\"desc-table\">\n<tbody>\n<tr>\n<td>2HL<\/td>\n<td>Korkean ja matalan tason h\u00e4lytykset<\/td>\n<\/tr>\n<\/tbody>\n<\/table>\n","protected":false},"excerpt":{"rendered":"<p>KARI-pintakytkimet on tarkoitettu ohjauslaitteeksi tyhjennys- ja t\u00e4ytt\u00f6pumpuille, moottori- ja magneettiventtiileille sek\u00e4 h\u00e4lytyskojeeksi halutusta pinnankorkeudesta. KARI-pintakytkimell\u00e4 on ison kellukkeen (\u00f8 170 mm) ansiosta suuri noste, mik\u00e4 takaa h\u00e4iri\u00f6tt\u00f6m\u00e4n toiminnan vaikeissakin likavesitapauksissa. SGS FIMKO Oy on matalaj\u00e4nnitedirektiivin (LVD) mukaisesti hyv\u00e4ksynyt palamattomissa nesteiss\u00e4 k\u00e4ytett\u00e4v\u00e4t KARI-pintakytkimet 250V:n j\u00e4nnitteelle.<\/p>\n","protected":false},"featured_media":631,"comment_status":"closed","ping_status":"closed","template":"","meta":[],"product_brand":[],"product_cat":[55],"product_tag":[],"class_list":{"0":"post-2846","1":"product","2":"type-product","3":"status-publish","4":"has-post-thumbnail","6":"product_cat-pintakytkimet","8":"first","9":"instock","10":"shipping-taxable","11":"product-type-simple"},"aioseo_notices":[],"_links":{"self":[{"href":"https:\/\/kari.fi\/fi\/wp-json\/wp\/v2\/product\/2846","targetHints":{"allow":["GET"]}}],"collection":[{"href":"https:\/\/kari.fi\/fi\/wp-json\/wp\/v2\/product"}],"about":[{"href":"https:\/\/kari.fi\/fi\/wp-json\/wp\/v2\/types\/product"}],"replies":[{"embeddable":true,"href":"https:\/\/kari.fi\/fi\/wp-json\/wp\/v2\/comments?post=2846"}],"wp:featuredmedia":[{"embeddable":true,"href":"https:\/\/kari.fi\/fi\/wp-json\/wp\/v2\/media\/631"}],"wp:attachment":[{"href":"https:\/\/kari.fi\/fi\/wp-json\/wp\/v2\/media?parent=2846"}],"wp:term":[{"taxonomy":"product_brand","embeddable":true,"href":"https:\/\/kari.fi\/fi\/wp-json\/wp\/v2\/product_brand?post=2846"},{"taxonomy":"product_cat","embeddable":true,"href":"https:\/\/kari.fi\/fi\/wp-json\/wp\/v2\/product_cat?post=2846"},{"taxonomy":"product_tag","embeddable":true,"href":"https:\/\/kari.fi\/fi\/wp-json\/wp\/v2\/product_tag?post=2846"}],"curies":[{"name":"wp","href":"https:\/\/api.w.org\/{rel}","templated":true}]}}