{"id":3257,"date":"2021-09-10T11:33:29","date_gmt":"2021-09-10T08:33:29","guid":{"rendered":"https:\/\/kari.fi\/?post_type=product&#038;p=3257"},"modified":"2024-03-10T00:11:05","modified_gmt":"2024-03-09T22:11:05","slug":"kari-pintakytkin-m2h-m2l-2","status":"publish","type":"product","link":"https:\/\/kari.fi\/fi\/tuotteet\/kari-pintakytkin-m2h-m2l-2\/","title":{"rendered":"KARI-pintakytkin M2H | M2L"},"content":{"rendered":"<h3>Esimerkki M2H-mallin toiminnasta<\/h3>\n<div class=\"sw-desc\"><img decoding=\"async\" src=\"\/wp-content\/uploads\/2020\/04\/play-b.png\" alt=\"Play\" \/><b>K\u00e4ynnistys<\/b><br \/>\nNestett\u00e4 paljon. Tyhjennyspumppu k\u00e4ynnistyy.<\/div>\n<div class=\"sw-desc\"><img decoding=\"async\" src=\"\/wp-content\/uploads\/2020\/04\/stop-b.png\" alt=\"Stop\" \/><b>Pys\u00e4ytys<\/b><br \/>\nTyhjennyksen alaraja. Tyhjennyspumppu pys\u00e4htyy.<\/div>\n<h3 class=\"sec-h\">Toiminnot<\/h3>\n<table class=\"desc-table\">\n<tbody>\n<tr>\n<td>M2H<\/td>\n<td>Tyhjennyspumpun ohjau<\/td>\n<\/tr>\n<tr>\n<td>M2L<\/td>\n<td>T\u00e4ytt\u00f6pumpun ohjaus<\/td>\n<\/tr>\n<\/tbody>\n<\/table>\n","protected":false},"excerpt":{"rendered":"<p>KARI-pintakytkin on tarkoitettu ohjauslaitteeksi magneettiventtiileille sek\u00e4 h\u00e4lytyskojeeksi halutusta pinnankorkeudesta. SGS FIMKO Oy on matalaj\u00e4nnitedirektiivin (LVD) mukaisesti hyv\u00e4ksynyt palamattomissa nesteiss\u00e4 k\u00e4ytett\u00e4v\u00e4t KARI-pintakytkimet 250V:n j\u00e4nnitteelle.<\/p>\n","protected":false},"featured_media":840,"comment_status":"open","ping_status":"closed","template":"","meta":[],"product_brand":[],"product_cat":[130],"product_tag":[],"class_list":{"0":"post-3257","1":"product","2":"type-product","3":"status-publish","4":"has-post-thumbnail","6":"product_cat-kauppa","8":"first","9":"instock","10":"shipping-taxable","11":"purchasable","12":"product-type-variable"},"aioseo_notices":[],"_links":{"self":[{"href":"https:\/\/kari.fi\/fi\/wp-json\/wp\/v2\/product\/3257","targetHints":{"allow":["GET"]}}],"collection":[{"href":"https:\/\/kari.fi\/fi\/wp-json\/wp\/v2\/product"}],"about":[{"href":"https:\/\/kari.fi\/fi\/wp-json\/wp\/v2\/types\/product"}],"replies":[{"embeddable":true,"href":"https:\/\/kari.fi\/fi\/wp-json\/wp\/v2\/comments?post=3257"}],"wp:featuredmedia":[{"embeddable":true,"href":"https:\/\/kari.fi\/fi\/wp-json\/wp\/v2\/media\/840"}],"wp:attachment":[{"href":"https:\/\/kari.fi\/fi\/wp-json\/wp\/v2\/media?parent=3257"}],"wp:term":[{"taxonomy":"product_brand","embeddable":true,"href":"https:\/\/kari.fi\/fi\/wp-json\/wp\/v2\/product_brand?post=3257"},{"taxonomy":"product_cat","embeddable":true,"href":"https:\/\/kari.fi\/fi\/wp-json\/wp\/v2\/product_cat?post=3257"},{"taxonomy":"product_tag","embeddable":true,"href":"https:\/\/kari.fi\/fi\/wp-json\/wp\/v2\/product_tag?post=3257"}],"curies":[{"name":"wp","href":"https:\/\/api.w.org\/{rel}","templated":true}]}}