{"id":3800,"date":"2023-09-27T15:22:15","date_gmt":"2023-09-27T12:22:15","guid":{"rendered":"https:\/\/kari.fi\/products\/remu-pumppuvahti-automaattinen-pumpun-seurantalaite\/"},"modified":"2023-09-28T13:46:59","modified_gmt":"2023-09-28T10:46:59","slug":"remu-track-pumppuvahti-automaattinen-pumpun-seurantalaite","status":"publish","type":"product","link":"https:\/\/kari.fi\/fi\/tuotteet\/remu-track-pumppuvahti-automaattinen-pumpun-seurantalaite\/","title":{"rendered":"REMU PumppuVahti &#8211; automaattinen pumpun seurantalaite"},"content":{"rendered":"<h1>REMU PumppuVahti<\/h1>\n<\/h1>\r\n<p>&nbsp;<\/p>\r\n<ul class=\"wp-block-list\">\r\n<li style=\"list-style-type: none;\">\r\n<ul>&#13;\n<li><strong>Remu Track PumppuVahti automaattinen pumpun seurantalaite\u00a0<\/strong>&#13;\n&#13;\n\u00a0&#13;\n&#13;\n\u00a0<\/li>&#13;\n&#13;\n&#13;\n&#13;\n\r\n\r\n&#13;\n<ul><li style=\"list-style-type: none;\"><ul><li>Mit\u00e4 tapahtuu, jos j\u00e4tevesipumppu lakkaa toimimasta tai hajoaa?<\/li>&#13;\n<\/ul><\/li>&#13;\n<\/ul>\r\n\r\n&#13;\n<ul><li style=\"list-style-type: none;\"><ul><li>Mit\u00e4 tapahtuu, jos j\u00e4tevesikaivo tulvii?<\/li>&#13;\n<\/ul><\/li>&#13;\n<\/ul>\r\n\r\n&#13;\n<ul><li style=\"list-style-type: none;\"><ul><li>REMU:ssa on numeroiden asettelu tekstiviestiss\u00e4.<\/li>&#13;\n<\/ul><\/li>&#13;\n<\/ul>\r\n\r\n&#13;\n<ul><li style=\"list-style-type: none;\"><ul><li>REMU-laitteessa on testinappi, jossa merkkivalo joka n\u00e4ytt\u00e4\u00e4 kun laite on toiminnassa.<\/li>&#13;\n<\/ul><\/li>&#13;\n<\/ul>\r\n\r\n&#13;\n<ul><li style=\"list-style-type: none;\"><ul><li>Kun REMU:n nappia painetaan, niin laite l\u00e4hett\u00e4\u00e4 raportin haluttuihin puhelinnumeroihin.<\/li>&#13;\n<\/ul><\/li>&#13;\n<\/ul>\r\n\r\n&#13;\n<ul><li style=\"list-style-type: none;\"><ul><li>REMU-laite toimii pattereilla tai verkkovirralla.<\/li>&#13;\n<\/ul><\/li>&#13;\n<\/ul><p>\u00a0<\/p>&#13;\n\r\n<p><iframe loading=\"lazy\" title=\"YouTube video player\" src=\"https:\/\/www.youtube.com\/embed\/FZh3Dyx10IY\" width=\"560\" height=\"315\" frameborder=\"0\" allowfullscreen=\"allowfullscreen\"><\/iframe><\/p>","protected":false},"excerpt":{"rendered":"<p>REMU PumppuVahti<\/p>\n","protected":false},"featured_media":3613,"comment_status":"open","ping_status":"closed","template":"","meta":[],"product_brand":[],"product_cat":[57],"product_tag":[],"class_list":{"0":"post-3800","1":"product","2":"type-product","3":"status-publish","4":"has-post-thumbnail","6":"product_cat-halyttimet","8":"first","9":"instock","10":"shipping-taxable","11":"product-type-simple"},"aioseo_notices":[],"_links":{"self":[{"href":"https:\/\/kari.fi\/fi\/wp-json\/wp\/v2\/product\/3800","targetHints":{"allow":["GET"]}}],"collection":[{"href":"https:\/\/kari.fi\/fi\/wp-json\/wp\/v2\/product"}],"about":[{"href":"https:\/\/kari.fi\/fi\/wp-json\/wp\/v2\/types\/product"}],"replies":[{"embeddable":true,"href":"https:\/\/kari.fi\/fi\/wp-json\/wp\/v2\/comments?post=3800"}],"wp:featuredmedia":[{"embeddable":true,"href":"https:\/\/kari.fi\/fi\/wp-json\/wp\/v2\/media\/3613"}],"wp:attachment":[{"href":"https:\/\/kari.fi\/fi\/wp-json\/wp\/v2\/media?parent=3800"}],"wp:term":[{"taxonomy":"product_brand","embeddable":true,"href":"https:\/\/kari.fi\/fi\/wp-json\/wp\/v2\/product_brand?post=3800"},{"taxonomy":"product_cat","embeddable":true,"href":"https:\/\/kari.fi\/fi\/wp-json\/wp\/v2\/product_cat?post=3800"},{"taxonomy":"product_tag","embeddable":true,"href":"https:\/\/kari.fi\/fi\/wp-json\/wp\/v2\/product_tag?post=3800"}],"curies":[{"name":"wp","href":"https:\/\/api.w.org\/{rel}","templated":true}]}}