{"id":1890,"date":"2020-04-23T07:50:28","date_gmt":"2020-04-23T04:50:28","guid":{"rendered":"https:\/\/kari.fi\/products\/"},"modified":"2025-09-10T14:05:41","modified_gmt":"2025-09-10T11:05:41","slug":"produits","status":"publish","type":"page","link":"https:\/\/kari.fi\/fr\/produits\/","title":{"rendered":"Produits"},"content":{"rendered":"<h2>Dispositifs fiables de surveillance et de contr\u00f4le des niveaux de surface. Plus de 50 ans d\u2019exp\u00e9rience<\/h2>\n<p><img decoding=\"async\" src=\"\/wp-content\/uploads\/2020\/05\/tuotteet_01.jpg\"><br \/>\n<span style=\"float: right; padding-top: 25px;\"><iframe loading=\"lazy\" width=\"400\" height=\"220\" src=\"https:\/\/www.youtube.com\/embed\/jnsMrZ9mO6o\" frameborder=\"0\" allow=\"accelerometer; autoplay; encrypted-media; gyroscope; picture-in-picture\" allowfullscreen=\"\"><\/iframe><\/span><br \/>\n<b>Kari-Finn Oy d\u00e9veloppe et fabrique des interrupteurs \u00e0 flotteur KARI con\u00e7us pour d\u00e9tecter et contr\u00f4ler les niveaux d\u2019eaux us\u00e9es, de liquides g\u00e9n\u00e9r\u00e9s par l\u2019industrie, ainsi que les liquides pr\u00e9sentant divers degr\u00e9s de viscosit\u00e9, en plus des liquides dans les puits, les syst\u00e8mes de pompage et les r\u00e9servoirs.<\/b><\/p>\n<p>Les interrupteurs \u00e0 \u00e9lectrodes KARI offrent une alternative aux interrupteurs \u00e0 flotteur. En plus de servir de syst\u00e8me d\u2019alarme lorsqu\u2019un niveau de liquide pr\u00e9d\u00e9termin\u00e9 est atteint, ils sont \u00e9galement utilisables avec divers capteurs KARI pour d\u00e9terminer les niveaux souhait\u00e9s de d\u00e9marrage et d\u2019arr\u00eat.<\/p>\n<p>Le KARI MS est con\u00e7u pour d\u00e9tecter le niveau de surface dans les silos, dans lesquels des produits sont stock\u00e9s en vrac, comme des c\u00e9r\u00e9ales ou du gravier.<\/p>\n<p>Lorsqu\u2019ils sont munis de relais KARI Exi, nos interrupteurs peuvent \u00e9galement \u00eatre utilis\u00e9s dans des atmosph\u00e8res potentiellement explosives (environnements ATEX), y compris les r\u00e9servoirs de fioul.<\/p>\n<p>Notre gamme de produits comprend \u00e9galement des unit\u00e9s d\u2019alarme, des d\u00e9marreurs de pompe, des connecteurs multibroches et des fusibles thermiques servant de dispositifs de s\u00e9curit\u00e9 pour les br\u00fbleurs \u00e0 mazout.<\/p>\n","protected":false},"excerpt":{"rendered":"<p>Dispositifs fiables de surveillance et de contr\u00f4le des niveaux de surface. Plus de 50 ans d\u2019exp\u00e9rience Kari-Finn Oy d\u00e9veloppe et fabrique des interrupteurs \u00e0 flotteur KARI<span class=\"excerpt-hellip\"> [\u2026]<\/span><\/p>\n","protected":false},"author":1,"featured_media":0,"parent":0,"menu_order":0,"comment_status":"closed","ping_status":"closed","template":"","meta":{"footnotes":""},"class_list":["post-1890","page","type-page","status-publish","hentry"],"aioseo_notices":[],"_links":{"self":[{"href":"https:\/\/kari.fi\/fr\/wp-json\/wp\/v2\/pages\/1890","targetHints":{"allow":["GET"]}}],"collection":[{"href":"https:\/\/kari.fi\/fr\/wp-json\/wp\/v2\/pages"}],"about":[{"href":"https:\/\/kari.fi\/fr\/wp-json\/wp\/v2\/types\/page"}],"author":[{"embeddable":true,"href":"https:\/\/kari.fi\/fr\/wp-json\/wp\/v2\/users\/1"}],"replies":[{"embeddable":true,"href":"https:\/\/kari.fi\/fr\/wp-json\/wp\/v2\/comments?post=1890"}],"version-history":[{"count":1,"href":"https:\/\/kari.fi\/fr\/wp-json\/wp\/v2\/pages\/1890\/revisions"}],"predecessor-version":[{"id":1891,"href":"https:\/\/kari.fi\/fr\/wp-json\/wp\/v2\/pages\/1890\/revisions\/1891"}],"wp:attachment":[{"href":"https:\/\/kari.fi\/fr\/wp-json\/wp\/v2\/media?parent=1890"}],"curies":[{"name":"wp","href":"https:\/\/api.w.org\/{rel}","templated":true}]}}