{"id":2064,"date":"2020-05-06T13:00:33","date_gmt":"2020-05-06T10:00:33","guid":{"rendered":"https:\/\/kari.fi\/products\/firefly-alarm-unit\/"},"modified":"2020-10-14T16:42:15","modified_gmt":"2020-10-14T13:42:15","slug":"firefly-alarm-unit","status":"publish","type":"product","link":"https:\/\/kari.fi\/fr\/des-produits\/firefly-alarm-unit\/","title":{"rendered":"Unit\u00e9 d\u2019alarme FireFly"},"content":{"rendered":"<p>FireFly Est con\u00e7u pour \u00eatre utilis\u00e9 comme une simple unit\u00e9 d\u2019alarme et peut remplacer le t\u00e9moin d\u2019alarme rouge existant : les alarmes de niveau d\u2019eau \u00e9lev\u00e9 et de la pompe sont directement transmises au syst\u00e8me SRO via Sigfox. Gr\u00e2ce \u00e0 une bobine d\u2019alimentation externe, il peut \u00e9galement d\u00e9tecter le nombre de d\u00e9marrages et la dur\u00e9e de fonctionnement de la pompe.<\/p>\n<p>L\u2019unit\u00e9 d\u2019alarme sur batterie est fournie avec 2 entr\u00e9es num\u00e9riques et 1 entr\u00e9e analogique (0 &#8211; 10 Vcc).<\/p>\n<p>FireFly peut parfaitement \u00eatre utilis\u00e9 avec l\u2019interrupteur \u00e0 flotteur Kari dans certaines applications. Contactez-nous pour en savoir plus!<\/p>\n","protected":false},"excerpt":{"rendered":"<p>FireFly Est con\u00e7u pour \u00eatre utilis\u00e9 comme une simple unit\u00e9 d\u2019alarme et peut remplacer le t\u00e9moin d\u2019alarme rouge existant : les alarmes de niveau d\u2019eau \u00e9lev\u00e9 et de la pompe sont directement transmises au syst\u00e8me SRO via Sigfox. Gr\u00e2ce \u00e0 une bobine d\u2019alimentation externe, il peut \u00e9galement d\u00e9tecter le nombre de d\u00e9marrages et la dur\u00e9e de fonctionnement de la pompe.<\/p>\n","protected":false},"featured_media":2063,"comment_status":"closed","ping_status":"closed","template":"","meta":[],"product_brand":[],"product_cat":[100],"product_tag":[],"class_list":{"0":"post-2064","1":"product","2":"type-product","3":"status-publish","4":"has-post-thumbnail","6":"product_cat-firefly-fr","8":"first","9":"instock","10":"shipping-taxable","11":"product-type-simple"},"aioseo_notices":[],"_links":{"self":[{"href":"https:\/\/kari.fi\/fr\/wp-json\/wp\/v2\/product\/2064","targetHints":{"allow":["GET"]}}],"collection":[{"href":"https:\/\/kari.fi\/fr\/wp-json\/wp\/v2\/product"}],"about":[{"href":"https:\/\/kari.fi\/fr\/wp-json\/wp\/v2\/types\/product"}],"replies":[{"embeddable":true,"href":"https:\/\/kari.fi\/fr\/wp-json\/wp\/v2\/comments?post=2064"}],"wp:featuredmedia":[{"embeddable":true,"href":"https:\/\/kari.fi\/fr\/wp-json\/wp\/v2\/media\/2063"}],"wp:attachment":[{"href":"https:\/\/kari.fi\/fr\/wp-json\/wp\/v2\/media?parent=2064"}],"wp:term":[{"taxonomy":"product_brand","embeddable":true,"href":"https:\/\/kari.fi\/fr\/wp-json\/wp\/v2\/product_brand?post=2064"},{"taxonomy":"product_cat","embeddable":true,"href":"https:\/\/kari.fi\/fr\/wp-json\/wp\/v2\/product_cat?post=2064"},{"taxonomy":"product_tag","embeddable":true,"href":"https:\/\/kari.fi\/fr\/wp-json\/wp\/v2\/product_tag?post=2064"}],"curies":[{"name":"wp","href":"https:\/\/api.w.org\/{rel}","templated":true}]}}