{"id":2087,"date":"2020-04-24T16:12:36","date_gmt":"2020-04-24T13:12:36","guid":{"rendered":"https:\/\/kari.fi\/products\/connecteurs-multibroches-kari-pkl\/"},"modified":"2021-02-15T10:18:33","modified_gmt":"2021-02-15T08:18:33","slug":"connecteurs-multibroches-kari-pkl","status":"publish","type":"product","link":"https:\/\/kari.fi\/fr\/des-produits\/connecteurs-multibroches-kari-pkl\/","title":{"rendered":"Connecteurs multibroches KARI PKL"},"content":{"rendered":"<h3>Connecteur pompe\/c\u00e2ble \u00e9tanche et fiable<\/h3>\n<h3>Solution simple et \u00e9conomique<\/h3>\n<p>Le KARI PKL est un connecteur de c\u00e2ble \u00e9tanche et fiable d\u00e9di\u00e9 aux pompes submersibles. Il permet de r\u00e9aliser des \u00e9conomies consid\u00e9rables sur les co\u00fbts d\u2019entretien des pompes. Gr\u00e2ce \u00e0 la conception du KARI PKL, il est possible de d\u00e9connecter et reconnecter la pompe sans recourir \u00e0 un \u00e9lectricien. Le KARI PKL repr\u00e9sente un investissement unique dont le prix \u00e9quivaut \u00e0 celui d\u2019une intervention de d\u00e9connexion\/reconnexion par un \u00e9lectricien qualifi\u00e9.<\/p>\n<h3>Simplification conceptuelle : le KARI PKL s\u2019adapte \u00e0 tous les types de pompes<\/h3>\n<p>Du fait de sa conception, le KARI PKL simplifie le travail de toute personne impliqu\u00e9e dans la construction et la mise \u00e0 niveau des stations de pompage ou des syst\u00e8mes d\u2019eaux us\u00e9es et d\u2019eau potable. Il fournit \u00e9galement une solution simple solution aux soci\u00e9t\u00e9s d\u2019installation et d\u2019entretien qui assurent les services de maintenance des stations de pompage. Gr\u00e2ce \u00e0 sa conception \u00e9tanche, il convient aux grands r\u00e9servoirs aux petits puits.<\/p>\n<h3>Remise \u00e0 neuf simple et s\u00e9curis\u00e9e<\/h3>\n<p>Le KARI PKL est fix\u00e9 \u00e0 un c\u00e2ble reliant la pompe submersible \u00e0 un tableau de distribution. Il est \u00e9galement rapide et facile \u00e0 installer lorsque vous souhaitez remplacer la solution \u00e9lectrique de la pompe sans faire appel \u00e0 un sp\u00e9cialiste. Une fois l\u2019entretien de la pompe effectu\u00e9, vous avez l\u2019assurance que le syst\u00e8me est toujours correctement reconnect\u00e9 au r\u00e9seau \u00e9lectrique. En effet, une modification du sens de rotation de la pompe est impossible.<\/p>\n<h3>Pompe de secours install\u00e9e facilement et garantissant un fonctionnement ininterrompu<\/h3>\n<p>Gr\u00e2ce \u00e0 son m\u00e9canisme d\u2019installation simple et rapide, le KARI PKL facilite le d\u00e9ploiement de la pompe de secours lorsque la pompe principale est en maintenance. Ceci contribue \u00e0 pr\u00e9venir les temps d\u2019arr\u00eat inutiles et \u00e0 garantir le fonctionnement continu de la pompe.<\/p>\n<h3>Solution fiable pour le tableau de distribution<\/h3>\n<p>Avec le KARI PKL, vous n\u2019avez pas \u00e0 vous pr\u00e9occuper des bagues sur le tableau de distribution. Il n\u2019est pas n\u00e9cessaire de les desserrer lorsque la pompe est d\u00e9connect\u00e9e. Le tableau de distribution est prot\u00e9g\u00e9 contre la p\u00e9n\u00e9tration d\u2019humidit\u00e9 ou de gaz.<\/p>\n<h3>Connecteur d\u2019alimentation des dispositifs \u00e9lectroniques compatible avec la pluie<\/h3>\n<p>Outre les stations de pompage, le KARI PKL est une solution id\u00e9ale pour les dispositifs d\u2019alimentation utilis\u00e9s dans des conditions humides ou en tant que connecteur de rallonge par temps humide. Quelle que soit l\u2019application, pour commander le connecteur, seuls le nombre de broches (4\u201310) et le diam\u00e8tre ext\u00e9rieur du c\u00e2ble (9\u201332 mm) sont requis.<\/p>\n","protected":false},"excerpt":{"rendered":"<p>Connecteur pompe\/c\u00e2ble \u00e9tanche et fiable. Solution simple et \u00e9conomique. Le KARI PKL est un connecteur de c\u00e2ble \u00e9tanche et fiable d\u00e9di\u00e9 aux pompes submersibles. Il permet de r\u00e9aliser des \u00e9conomies consid\u00e9rables sur les co\u00fbts d\u2019entretien des pompes. Gr\u00e2ce \u00e0 la conception du KARI PKL, il est possible de d\u00e9connecter et reconnecter la pompe sans recourir \u00e0 un \u00e9lectricien.<\/p>\n","protected":false},"featured_media":2091,"comment_status":"closed","ping_status":"closed","template":"","meta":[],"product_brand":[],"product_cat":[104],"product_tag":[],"class_list":{"0":"post-2087","1":"product","2":"type-product","3":"status-publish","4":"has-post-thumbnail","6":"product_cat-connecteurs-multibroches","8":"first","9":"instock","10":"shipping-taxable","11":"product-type-simple"},"aioseo_notices":[],"_links":{"self":[{"href":"https:\/\/kari.fi\/fr\/wp-json\/wp\/v2\/product\/2087","targetHints":{"allow":["GET"]}}],"collection":[{"href":"https:\/\/kari.fi\/fr\/wp-json\/wp\/v2\/product"}],"about":[{"href":"https:\/\/kari.fi\/fr\/wp-json\/wp\/v2\/types\/product"}],"replies":[{"embeddable":true,"href":"https:\/\/kari.fi\/fr\/wp-json\/wp\/v2\/comments?post=2087"}],"wp:featuredmedia":[{"embeddable":true,"href":"https:\/\/kari.fi\/fr\/wp-json\/wp\/v2\/media\/2091"}],"wp:attachment":[{"href":"https:\/\/kari.fi\/fr\/wp-json\/wp\/v2\/media?parent=2087"}],"wp:term":[{"taxonomy":"product_brand","embeddable":true,"href":"https:\/\/kari.fi\/fr\/wp-json\/wp\/v2\/product_brand?post=2087"},{"taxonomy":"product_cat","embeddable":true,"href":"https:\/\/kari.fi\/fr\/wp-json\/wp\/v2\/product_cat?post=2087"},{"taxonomy":"product_tag","embeddable":true,"href":"https:\/\/kari.fi\/fr\/wp-json\/wp\/v2\/product_tag?post=2087"}],"curies":[{"name":"wp","href":"https:\/\/api.w.org\/{rel}","templated":true}]}}