{"id":2096,"date":"2020-05-08T16:34:25","date_gmt":"2020-05-08T13:34:25","guid":{"rendered":"https:\/\/kari.fi\/products\/interrupteur-pour-silo-kari-ms\/"},"modified":"2021-02-15T10:41:21","modified_gmt":"2021-02-15T08:41:21","slug":"interrupteur-pour-silo-kari-ms","status":"publish","type":"product","link":"https:\/\/kari.fi\/fr\/des-produits\/interrupteur-pour-silo-kari-ms\/","title":{"rendered":"Interrupteur pour silo KARI MS"},"content":{"rendered":"<h3>Un d\u00e9tecteur de niveau de surface pour les produits stock\u00e9s en vrac<\/h3>\n<p><strong>Con\u00e7u pour contr\u00f4ler de nombreux produits stock\u00e9s en vrac<\/strong><\/p>\n<p>Le KARI MS est con\u00e7u pour d\u00e9tecter le niveau de surface dans les silos, dans lesquels des produits sont stock\u00e9s en vrac, comme des c\u00e9r\u00e9ales ou du gravier. Son fonctionnement repose sur l\u2019inclinaison du flotteur. Lorsque la surface des produits stock\u00e9s en vrac dans le silo atteint le niveau du flotteur et l\u2019incline \u00e0 25\u00b0, un interrupteur \u00e0 l\u2019int\u00e9rieur de ce dernier se d\u00e9clenche et active une alarme de niveau haut. Le KARI MS est utilisable dans un environnement ATEX avec la cloison Exi.<\/p>\n<h3>Une alarme ind\u00e9pendante du sens d\u2019inclinaison<\/h3>\n<p>Le KARI MS consiste en un c\u00e2ble et un interrupteur enferm\u00e9s dans un c\u00f4ne \u00e9tanche. Il est fix\u00e9 en suspension au bout du c\u00e2ble \u00e0 proximit\u00e9 de l\u2019ouverture du silo. Lorsque la surface des produits stock\u00e9s en vrac dans le silo atteint le niveau du flotteur et l\u2019incline \u00e0 25\u00b0, un interrupteur active une alarme de niveau haut. Lors de l\u2019installation de l\u2019interrupteur vous n\u2019avez pas \u00e0 vous soucier de son sens d\u2019inclinaison, le KARI MS d\u00e9clenchant une alarme ind\u00e9pendamment de ce dernier.<\/p>\n<h3>Trois types de produits<\/h3>\n<p>Le KARI MS est disponible avec trois types de contacts \u00e9lectriques. Il convient ainsi \u00e0 de nombreuses applications ind\u00e9pendamment du type de contact qu\u2019elles utilisent. Le KARI MS1 est fourni avec un contact normalement ouvert (NO) tandis que le KARI MS2 poss\u00e8de un contact normalement ferm\u00e9 (NF). Gr\u00e2ce \u00e0 son contact inverseur (CO), le KARI MS3 constitue un choix id\u00e9al si vous ne connaissez pas le type de contact utilis\u00e9 par votre application.<\/p>\n<h3>Chaque interrupteur est test\u00e9 avant utilisation<\/h3>\n<p>Les interrupteurs pour silo KARI MS sont fiables et offrent une qualit\u00e9 uniforme et exemplaire. Les fonctionnalit\u00e9s de chaque interrupteur sont test\u00e9es de mani\u00e8re rigoureuse avant livraison au client.<\/p>\n<p><img decoding=\"async\" style=\"width: 33%; float: left;\" src=\"\/wp-content\/uploads\/2020\/05\/ip67.png\" \/><img decoding=\"async\" style=\"width: 33%; float: left;\" src=\"\/wp-content\/uploads\/2020\/05\/ce_logo.png\" \/><img decoding=\"async\" style=\"width: 33%; float: left;\" src=\"\/wp-content\/uploads\/2020\/05\/fimko_logo.png\" \/><\/p>\n","protected":false},"excerpt":{"rendered":"<p>Un d\u00e9tecteur de niveau de surface pour les produits stock\u00e9s en vrac. Con\u00e7u pour contr\u00f4ler de nombreux produits stock\u00e9s en vrac. Le KARI MS est con\u00e7u pour d\u00e9tecter le niveau de surface dans les silos, dans lesquels des produits sont stock\u00e9s en vrac, comme des c\u00e9r\u00e9ales ou du gravier. Son fonctionnement repose sur l\u2019inclinaison du flotteur. <\/p>\n","protected":false},"featured_media":2097,"comment_status":"closed","ping_status":"closed","template":"","meta":[],"product_brand":[],"product_cat":[103],"product_tag":[],"class_list":{"0":"post-2096","1":"product","2":"type-product","3":"status-publish","4":"has-post-thumbnail","6":"product_cat-interrupteurs-a-flotteur","8":"first","9":"instock","10":"shipping-taxable","11":"product-type-simple"},"aioseo_notices":[],"_links":{"self":[{"href":"https:\/\/kari.fi\/fr\/wp-json\/wp\/v2\/product\/2096","targetHints":{"allow":["GET"]}}],"collection":[{"href":"https:\/\/kari.fi\/fr\/wp-json\/wp\/v2\/product"}],"about":[{"href":"https:\/\/kari.fi\/fr\/wp-json\/wp\/v2\/types\/product"}],"replies":[{"embeddable":true,"href":"https:\/\/kari.fi\/fr\/wp-json\/wp\/v2\/comments?post=2096"}],"wp:featuredmedia":[{"embeddable":true,"href":"https:\/\/kari.fi\/fr\/wp-json\/wp\/v2\/media\/2097"}],"wp:attachment":[{"href":"https:\/\/kari.fi\/fr\/wp-json\/wp\/v2\/media?parent=2096"}],"wp:term":[{"taxonomy":"product_brand","embeddable":true,"href":"https:\/\/kari.fi\/fr\/wp-json\/wp\/v2\/product_brand?post=2096"},{"taxonomy":"product_cat","embeddable":true,"href":"https:\/\/kari.fi\/fr\/wp-json\/wp\/v2\/product_cat?post=2096"},{"taxonomy":"product_tag","embeddable":true,"href":"https:\/\/kari.fi\/fr\/wp-json\/wp\/v2\/product_tag?post=2096"}],"curies":[{"name":"wp","href":"https:\/\/api.w.org\/{rel}","templated":true}]}}