{"id":2099,"date":"2020-05-08T16:24:07","date_gmt":"2020-05-08T13:24:07","guid":{"rendered":"https:\/\/kari.fi\/products\/interrupteur-a-electrodes-kari-elp\/"},"modified":"2020-10-16T10:37:50","modified_gmt":"2020-10-16T07:37:50","slug":"interrupteur-a-electrodes-kari-elp","status":"publish","type":"product","link":"https:\/\/kari.fi\/fr\/des-produits\/interrupteur-a-electrodes-kari-elp\/","title":{"rendered":"Interrupteur \u00e0 \u00e9lectrodes KARI ELP"},"content":{"rendered":"<h3>Syst\u00e8me de contr\u00f4le polyvalent pour les eaux us\u00e9es<\/h3>\n<p><strong>Une solution particuli\u00e8rement fiable pour les eaux us\u00e9es charriant des solides<\/strong><\/p>\n<p>Le syst\u00e8me KARI ELP est con\u00e7u pour le contr\u00f4le des niveaux de liquide dans les usines de pompage des eaux us\u00e9es. Il est extr\u00eamement fiable, aucun s\u00e9diment pr\u00e9sent dans les eaux us\u00e9es ne pouvant entrer en contact avec l\u2019\u00e9lectrode de mesure de l\u2019\u00e9volution du niveau de liquide. En fonction de la connexion et du nombre d\u2019\u00e9lectrodes utilis\u00e9es, le KARI ELP convient \u00e0 de nombreuses applications. Ses niveaux de fonctionnement sont faciles \u00e0 r\u00e9gler.<\/p>\n<h3>Les liquides s\u00e9dimentaires ne peuvent pas entrer en contact avec l\u2019\u00e9lectrode<\/h3>\n<p>Le KARI ELP est un syst\u00e8me de contr\u00f4le extr\u00eamement fiable des eaux us\u00e9es et autres liquides contenant des d\u00e9p\u00f4ts. Gr\u00e2ce \u00e0 sa conception novatrice, les eaux us\u00e9es ne peuvent absolument pas entrer en contact avec l\u2019\u00e9lectrode de sorte qu\u2019il est impossible que les d\u00e9p\u00f4ts contenus dans les eaux us\u00e9es interf\u00e8rent avec son fonctionnement.<\/p>\n<h3>Mod\u00e8les au format horizontal et vertical disponibles<\/h3>\n<p>Le syst\u00e8me KARI ELP est fourni complet avec une poche de liquide auxiliaire pr\u00e9-remplie, l\u2019unit\u00e9 d\u2019interrupteur \u00e0 \u00e9lectrodes KARI EL22, les \u00e9lectrodes et leur fil. Un tuyau RST de 1 po est \u00e9galement requis. Il est fix\u00e9 \u00e0 la poche en position horizontale ou verticale. La configuration verticale est utilis\u00e9e lorsqu\u2019une couche \u00e9paisse de s\u00e9diments se trouve au fond du r\u00e9servoir ou lorsque le syst\u00e8me est install\u00e9 dans un puits \u00e9troit ou dans un tuyau inadapt\u00e9 \u00e0 l\u2019utilisation du syst\u00e8me horizontal.<\/p>\n<h3>Le liquide auxiliaire surveille les modifications des niveaux de liquide<\/h3>\n<p>Les \u00e9lectrodes sont plac\u00e9es dans le tuyau RST et leur suspension r\u00e9gl\u00e9e aux niveaux souhait\u00e9s. Lorsque le niveau des eaux us\u00e9es augmente, la pression hydrostatique pousse le liquide hors de la poche de liquide auxiliaire et provoque sa mont\u00e9e dans le tuyau. Dans le tuyau, le niveau de liquide auxiliaire augmente en m\u00eame temps que le niveau des eaux us\u00e9es jusqu\u2019\u00e0 atteindre l\u2019\u00e9lectrode et d\u00e9clencher une alarme de niveau haut.<\/p>\n<h3>Multi-fonctions simultan\u00e9es pour plusieurs pompes<\/h3>\n<p>Le syst\u00e8me KARI ELP est disponible avec de une \u00e0 quatre fonctions d\u2019interrupteur, dont les fonctions de contr\u00f4le de la pompe et les alarmes de niveau haut et bas. Le syst\u00e8me poss\u00e8de une \u00e9lectrode distincte pour chaque fonction. Les \u00e9lectrodes sont mont\u00e9es en suspension \u00e0 la hauteur souhait\u00e9e. Enfin, le KARI ELP permet de contr\u00f4ler plusieurs pompes simultan\u00e9ment. Une configuration type consiste en un syst\u00e8me \u00e0 trois pompes dans laquelle les fonctions d\u2019arr\u00eat et les alarmes de niveau haut sont partag\u00e9es tandis que les niveaux de d\u00e9marrage varient en fonction des pompes.<\/p>\n<h3>Niveaux de fonctionnement d\u2019une pr\u00e9cision inf\u00e9rieure \u00e0 un centim\u00e8tre<\/h3>\n<p>Le KARI ELP est un dispositif de surveillance et de contr\u00f4le extr\u00eamement pr\u00e9cis au sein des syst\u00e8mes d&#8217;assainissement. Ses niveaux de fonctionnement sont d\u00e9terminables avec une pr\u00e9cision inf\u00e9rieure \u00e0 un centim\u00e8tre. Son syst\u00e8me d\u2019interrupteur, le KARI EL22, a \u00e9t\u00e9 homologu\u00e9 par SGS Fimko. Les fonctionnalit\u00e9s de chaque interrupteur et le syst\u00e8me KARI ELP sont test\u00e9s de mani\u00e8re rigoureuse avant livraison au client.<\/p>\n<p><img decoding=\"async\" style=\"width: 33%; float: left;\" src=\"\/wp-content\/uploads\/2020\/05\/sgs_finland_logo.png\" \/><img decoding=\"async\" style=\"width: 33%; float: left;\" src=\"\/wp-content\/uploads\/2020\/05\/ce_logo.png\" \/><img decoding=\"async\" style=\"width: 33%; float: left;\" src=\"\/wp-content\/uploads\/2020\/05\/suojausluokka_II.png\" \/><\/p>\n","protected":false},"excerpt":{"rendered":"<p>Syst\u00e8me de contr\u00f4le polyvalent pour les eaux us\u00e9es. Une solution particuli\u00e8rement fiable pour les eaux us\u00e9es charriant des solides. Le syst\u00e8me KARI ELP est con\u00e7u pour le contr\u00f4le des niveaux de liquide dans les usines de pompage des eaux us\u00e9es. Il est extr\u00eamement fiable, aucun s\u00e9diment pr\u00e9sent dans les eaux us\u00e9es ne pouvant entrer en contact avec l\u2019\u00e9lectrode de mesure de l\u2019\u00e9volution du niveau de liquide.<\/p>\n","protected":false},"featured_media":2100,"comment_status":"closed","ping_status":"closed","template":"","meta":[],"product_brand":[],"product_cat":[103],"product_tag":[],"class_list":{"0":"post-2099","1":"product","2":"type-product","3":"status-publish","4":"has-post-thumbnail","6":"product_cat-interrupteurs-a-flotteur","8":"first","9":"instock","10":"shipping-taxable","11":"product-type-simple"},"aioseo_notices":[],"_links":{"self":[{"href":"https:\/\/kari.fi\/fr\/wp-json\/wp\/v2\/product\/2099","targetHints":{"allow":["GET"]}}],"collection":[{"href":"https:\/\/kari.fi\/fr\/wp-json\/wp\/v2\/product"}],"about":[{"href":"https:\/\/kari.fi\/fr\/wp-json\/wp\/v2\/types\/product"}],"replies":[{"embeddable":true,"href":"https:\/\/kari.fi\/fr\/wp-json\/wp\/v2\/comments?post=2099"}],"wp:featuredmedia":[{"embeddable":true,"href":"https:\/\/kari.fi\/fr\/wp-json\/wp\/v2\/media\/2100"}],"wp:attachment":[{"href":"https:\/\/kari.fi\/fr\/wp-json\/wp\/v2\/media?parent=2099"}],"wp:term":[{"taxonomy":"product_brand","embeddable":true,"href":"https:\/\/kari.fi\/fr\/wp-json\/wp\/v2\/product_brand?post=2099"},{"taxonomy":"product_cat","embeddable":true,"href":"https:\/\/kari.fi\/fr\/wp-json\/wp\/v2\/product_cat?post=2099"},{"taxonomy":"product_tag","embeddable":true,"href":"https:\/\/kari.fi\/fr\/wp-json\/wp\/v2\/product_tag?post=2099"}],"curies":[{"name":"wp","href":"https:\/\/api.w.org\/{rel}","templated":true}]}}