{"id":2102,"date":"2020-05-08T16:13:27","date_gmt":"2020-05-08T13:13:27","guid":{"rendered":"https:\/\/kari.fi\/products\/interrupteur-a-electrodes-kari-el22\/"},"modified":"2021-02-15T10:08:21","modified_gmt":"2021-02-15T08:08:21","slug":"interrupteur-a-electrodes-kari-el22","status":"publish","type":"product","link":"https:\/\/kari.fi\/fr\/des-produits\/interrupteur-a-electrodes-kari-el22\/","title":{"rendered":"Interrupteur \u00e0 \u00e9lectrodes KARI EL22"},"content":{"rendered":"<h3>Un interrupteur fiable de contr\u00f4le des liquides conducteurs<\/h3>\n<p><strong>Les capteurs KARI sont extr\u00eamement pr\u00e9cis. Leur pr\u00e9cision de mesure est inf\u00e9rieure \u00e0 un centim\u00e8tre<\/strong><\/p>\n<p>Kari-Finn propose des capteurs d\u2019une extr\u00eame pr\u00e9cision pour la surveillance et le contr\u00f4le des liquides conducteurs. Au sein de notre gamme, vous trouverez la solution id\u00e9ale \u00e0 de nombreuses applications, des installations int\u00e9rieures aux puits et conteneurs. L\u2019unit\u00e9 centrale, l\u2019interrupteur \u00e0 \u00e9lectrodes KARI EL22, permet d\u2019adapter nos capteurs \u00e0 de nombreuses utilisations. En plus de servir de syst\u00e8me d\u2019alarme de niveau haut et bas, il permet de d\u00e9terminer les niveaux de d\u00e9marrage et d\u2019arr\u00eat souhait\u00e9s.<\/p>\n<h3>L\u2019interrupteur \u00e0 \u00e9lectrodes KARI EL22, l\u2019unit\u00e9 centrale des capteurs<\/h3>\n<p>Approuv\u00e9e par l\u2019organisme de certification SGS Fimko, notre unit\u00e9 centrale des capteurs, le KARI EL22, est un dispositif de surveillance et de contr\u00f4le extr\u00eamement pr\u00e9cis qui permet de d\u00e9terminer les niveaux de fonctionnement du capteur avec une pr\u00e9cision inf\u00e9rieure \u00e0 un centim\u00e8tre.<\/p>\n<h3>Le syst\u00e8me est adaptable \u00e0 la conductivit\u00e9 du liquide<\/h3>\n<p>Le syst\u00e8me est utilisable dans de nombreuses conditions, sa sensibilit\u00e9 \u00e9tant adaptable en fonction de la conductivit\u00e9 du liquide. Le KARI EL22 se pr\u00eate \u00e0 une multitude d\u2019applications, en fonction des capteurs choisis. Vous pouvez l\u2019utiliser pour:<\/p>\n<ul>\n<li>pr\u00e9venir le fonctionnement \u00e0 sec des pompes pour puits profond<\/li>\n<li>contr\u00f4ler la charge et la d\u00e9charge<\/li>\n<li>contr\u00f4ler le moteur et les vannes magn\u00e9tiques<\/li>\n<li>fournir des alarmes de niveau haut et bas<\/li>\n<li>d\u00e9terminer les quantit\u00e9s<\/li>\n<li>servir de capteur d\u2019inondation dans les installations int\u00e9rieures<\/li>\n<\/ul>\n<h3>Fiable et robuste<\/h3>\n<p>Les mesures sont r\u00e9alis\u00e9es en toute s\u00e9curit\u00e9 \u00e0 tr\u00e8s basse tension (SELV ou PELV). Le KARI EL22 est s\u00e9par\u00e9 du courant d\u2019entr\u00e9e par un transformateur \u00e0 double isolation prot\u00e9g\u00e9 contre les courts-circuits. Une protection suppl\u00e9mentaire est assur\u00e9e par un bo\u00eetier s\u00e9curis\u00e9 m\u00eame en cas de desserrage d\u2019un fil. Les fonctionnalit\u00e9s de chaque unit\u00e9 centrale KARI EL22 sont test\u00e9es avant livraison au client.<\/p>\n<h3>Une solution \u00e0 \u00e9lectrodes id\u00e9ale pour toutes les applications<\/h3>\n<p>Le KARI EL22 est g\u00e9n\u00e9ralement connect\u00e9 \u00e0 une \u00e9lectrode pour puits profond PEL \u00e9quip\u00e9e d\u2019un c\u00e2ble connecteur ou d\u2019une \u00e9lectrode en barre HIR fix\u00e9 sur une paroi du conteneur \u00e0 l\u2019aide d\u2019une bague.<\/p>\n","protected":false},"excerpt":{"rendered":"<p>Un interrupteur fiable de contr\u00f4le des liquides conducteurs. Les capteurs KARI sont extr\u00eamement pr\u00e9cis. Leur pr\u00e9cision de mesure est inf\u00e9rieure \u00e0 un centim\u00e8tre. Kari-Finn propose des capteurs d\u2019une extr\u00eame pr\u00e9cision pour la surveillance et le contr\u00f4le des liquides conducteurs. Au sein de notre gamme, vous trouverez la solution id\u00e9ale \u00e0 de nombreuses applications, des installations int\u00e9rieures aux puits et conteneurs.<\/p>\n","protected":false},"featured_media":2103,"comment_status":"closed","ping_status":"closed","template":"","meta":[],"product_brand":[],"product_cat":[103],"product_tag":[],"class_list":{"0":"post-2102","1":"product","2":"type-product","3":"status-publish","4":"has-post-thumbnail","6":"product_cat-interrupteurs-a-flotteur","8":"first","9":"instock","10":"shipping-taxable","11":"product-type-simple"},"aioseo_notices":[],"_links":{"self":[{"href":"https:\/\/kari.fi\/fr\/wp-json\/wp\/v2\/product\/2102","targetHints":{"allow":["GET"]}}],"collection":[{"href":"https:\/\/kari.fi\/fr\/wp-json\/wp\/v2\/product"}],"about":[{"href":"https:\/\/kari.fi\/fr\/wp-json\/wp\/v2\/types\/product"}],"replies":[{"embeddable":true,"href":"https:\/\/kari.fi\/fr\/wp-json\/wp\/v2\/comments?post=2102"}],"wp:featuredmedia":[{"embeddable":true,"href":"https:\/\/kari.fi\/fr\/wp-json\/wp\/v2\/media\/2103"}],"wp:attachment":[{"href":"https:\/\/kari.fi\/fr\/wp-json\/wp\/v2\/media?parent=2102"}],"wp:term":[{"taxonomy":"product_brand","embeddable":true,"href":"https:\/\/kari.fi\/fr\/wp-json\/wp\/v2\/product_brand?post=2102"},{"taxonomy":"product_cat","embeddable":true,"href":"https:\/\/kari.fi\/fr\/wp-json\/wp\/v2\/product_cat?post=2102"},{"taxonomy":"product_tag","embeddable":true,"href":"https:\/\/kari.fi\/fr\/wp-json\/wp\/v2\/product_tag?post=2102"}],"curies":[{"name":"wp","href":"https:\/\/api.w.org\/{rel}","templated":true}]}}