{"id":2106,"date":"2020-05-06T14:25:22","date_gmt":"2020-05-06T11:25:22","guid":{"rendered":"https:\/\/kari.fi\/products\/relais-kari-exi\/"},"modified":"2020-10-16T10:49:16","modified_gmt":"2020-10-16T07:49:16","slug":"relais-kari-exi","status":"publish","type":"product","link":"https:\/\/kari.fi\/fr\/des-produits\/relais-kari-exi\/","title":{"rendered":"Relais KARI Exi"},"content":{"rendered":"<h3>Permet d\u2019utiliser l\u2019interrupteur \u00e0 flotteur dans des atmosph\u00e8res potentiellement explosives (environnements ATEX)<\/h3>\n<p><strong>Relais fiable pour les interrupteurs \u00e0 flotteur utilis\u00e9s dans des atmosph\u00e8res potentiellement explosives<\/strong><\/p>\n<p>Le relais KARI Exi est con\u00e7u pour fournir un syst\u00e8me de contr\u00f4le fiable des interrupteurs \u00e0 flotteur utilis\u00e9s dans des atmosph\u00e8res potentiellement explosives, notamment les r\u00e9servoirs de fioul. Ses caract\u00e9ristiques de s\u00e9curit\u00e9 reposent sur son circuit intrins\u00e8quement s\u00fbr dont la puissance \u00e9lectrique est insuffisante pour enflammer les mat\u00e9riaux. Le relais KARI Exi est conforme aux normes internationales de s\u00e9curit\u00e9. L\u2019interrupteur \u00e0 flotteur peut ainsi \u00eatre utilis\u00e9 en toute s\u00e9curit\u00e9 dans de nombreuses atmosph\u00e8res potentiellement explosives. Il est facile \u00e0 installer sur un rail DIN \u00e0 l\u2019ext\u00e9rieur de l\u2019environnement potentiellement explosif.<\/p>\n<h3>Conformit\u00e9 ATEX avec le relais KARI Exi<\/h3>\n<p>Le relais KARI Exi offre une solution simple pour garantir la s\u00e9curit\u00e9 ATEX de l\u2019interrupteur \u00e0 flotteur. Le relais \u00e9limine le risque d\u2019explosion en limitant la puissance \u00e9lectrique p\u00e9n\u00e9trant dans l\u2019environnement ATEX. En r\u00e8gle g\u00e9n\u00e9rale, le relais KARI Exi est utilis\u00e9 dans les r\u00e9servoirs de p\u00e9trole avec les mod\u00e8les d\u2019interrupteurs \u00e0 flotteur KARI C (\u00f8 99 mm) et M (\u00f8 76 mm). Il constitue \u00e9galement une excellente alternative \u00e0 l\u2019interrupteur \u00e0 flotteur dans les applications chimiques et p\u00e9trochimiques.<\/p>\n<h3>Relais pour les environnements non ATEX<\/h3>\n<p>ex II I G Ex ia Ga IIC<br \/>\nLe relais KARI Exi est facile \u00e0 installer sur un rail DIN \u00e0 l\u2019ext\u00e9rieur de l\u2019environnement potentiellement explosif. Gr\u00e2ce \u00e0 ses composants de qualit\u00e9 sup\u00e9rieure, le relais est fiable et durable. Vous avez le choix entre des mod\u00e8les \u00e0 un canal ou deux canaux, en fonction de votre application. Le KARI Exi \u00e0 un canal peut notamment \u00eatre utilis\u00e9 comme syst\u00e8me d\u2019alarme de niveau haut ou bas. Le relais \u00e0 deux canaux permet de contr\u00f4ler simultan\u00e9ment deux fonctions.<\/p>\n<p><img decoding=\"async\" style=\"width: 16%; float: left;\" src=\"\/wp-content\/uploads\/2020\/04\/ex_II_I_G_Ex_ia_Ga_IIC.jpg\" \/><img decoding=\"async\" style=\"width: 16%; float: left;\" src=\"\/wp-content\/uploads\/2020\/04\/ce_logo.jpg\" \/><img decoding=\"async\" style=\"width: 16%; float: left;\" src=\"\/wp-content\/uploads\/2020\/04\/csa.jpg\" \/><img decoding=\"async\" style=\"width: 16%; float: left;\" src=\"\/wp-content\/uploads\/2020\/04\/culus_listed.jpg\" \/><img decoding=\"async\" style=\"width: 16%; float: left;\" src=\"\/wp-content\/uploads\/2020\/04\/fm_approved.jpg\" \/><img decoding=\"async\" style=\"width: 16%; float: left;\" src=\"\/wp-content\/uploads\/2020\/04\/sil_logo.jpg\" \/><\/p>\n","protected":false},"excerpt":{"rendered":"<p>Permet d\u2019utiliser l\u2019interrupteur \u00e0 flotteur dans des atmosph\u00e8res potentiellement explosives (environnements ATEX). Relais fiable pour les interrupteurs \u00e0 flotteur utilis\u00e9s dans des atmosph\u00e8res potentiellement explosives. Le relais KARI Exi est con\u00e7u pour fournir un syst\u00e8me de contr\u00f4le fiable des interrupteurs \u00e0 flotteur utilis\u00e9s dans des atmosph\u00e8res potentiellement explosives, notamment les r\u00e9servoirs de fioul.<\/p>\n","protected":false},"featured_media":2107,"comment_status":"closed","ping_status":"closed","template":"","meta":[],"product_brand":[],"product_cat":[102],"product_tag":[],"class_list":{"0":"post-2106","1":"product","2":"type-product","3":"status-publish","4":"has-post-thumbnail","6":"product_cat-produits-atex","8":"first","9":"instock","10":"shipping-taxable","11":"product-type-simple"},"aioseo_notices":[],"_links":{"self":[{"href":"https:\/\/kari.fi\/fr\/wp-json\/wp\/v2\/product\/2106","targetHints":{"allow":["GET"]}}],"collection":[{"href":"https:\/\/kari.fi\/fr\/wp-json\/wp\/v2\/product"}],"about":[{"href":"https:\/\/kari.fi\/fr\/wp-json\/wp\/v2\/types\/product"}],"replies":[{"embeddable":true,"href":"https:\/\/kari.fi\/fr\/wp-json\/wp\/v2\/comments?post=2106"}],"wp:featuredmedia":[{"embeddable":true,"href":"https:\/\/kari.fi\/fr\/wp-json\/wp\/v2\/media\/2107"}],"wp:attachment":[{"href":"https:\/\/kari.fi\/fr\/wp-json\/wp\/v2\/media?parent=2106"}],"wp:term":[{"taxonomy":"product_brand","embeddable":true,"href":"https:\/\/kari.fi\/fr\/wp-json\/wp\/v2\/product_brand?post=2106"},{"taxonomy":"product_cat","embeddable":true,"href":"https:\/\/kari.fi\/fr\/wp-json\/wp\/v2\/product_cat?post=2106"},{"taxonomy":"product_tag","embeddable":true,"href":"https:\/\/kari.fi\/fr\/wp-json\/wp\/v2\/product_tag?post=2106"}],"curies":[{"name":"wp","href":"https:\/\/api.w.org\/{rel}","templated":true}]}}