{"id":2108,"date":"2020-05-06T13:33:54","date_gmt":"2020-05-06T10:33:54","guid":{"rendered":"https:\/\/kari.fi\/products\/fusible-thermique-kari-ls90\/"},"modified":"2020-10-16T10:53:07","modified_gmt":"2020-10-16T07:53:07","slug":"fusible-thermique-kari-ls90","status":"publish","type":"product","link":"https:\/\/kari.fi\/fr\/des-produits\/fusible-thermique-kari-ls90\/","title":{"rendered":"Fusible thermique KARI LS90"},"content":{"rendered":"<h3>Un dispositif de s\u00e9curit\u00e9 fiable en cas d\u2019\u00e9l\u00e9vation des temp\u00e9ratures<\/h3>\n<p><strong>Une solution de s\u00e9curit\u00e9 con\u00e7ue pour d\u00e9clencher une alarme \u00e0 90 \u00b0C<\/strong><\/p>\n<p>Le fusible thermique KARI LS90 est un dispositif de s\u00e9curit\u00e9 fiable destin\u00e9 aux applications dans lesquelles des temp\u00e9ratures \u00e9lev\u00e9es peuvent s\u00e9rieusement endommager le mat\u00e9riel ou constituer un risque d\u2019incendie. Une application type consiste en une station de chauffage dont la source d\u2019\u00e9nergie est le fioul et dans laquelle le KARI LS90 est install\u00e9 \u00e0 proximit\u00e9 du br\u00fbleur. Lorsque la temp\u00e9rature d\u00e9passe 90 \u00b0C, l\u2019alliage m\u00e9tallique de la bo\u00eete \u00e0 fusible fond ce qui coupe l\u2019alimentation. L\u2019alimentation en fioul de la station est alors interrompue et une alarme se d\u00e9clenche. En fonction de la temp\u00e9rature de fusion d\u00e9finie, le KARI LS90 constitue un dispositif de s\u00e9curit\u00e9 extr\u00eamement fiable sans capteurs \u00e9lectriques sensibles aux perturbations ou syst\u00e8me \u00e9lectronique complexe.<\/p>\n<h3>Excellent choix pour un disjoncteur ou un syst\u00e8me d\u2019alarme dans de nombreuses applications<\/h3>\n<p>Le KARI LS90 constitue un excellent dispositif de protection et de s\u00e9curit\u00e9 dans la plupart des applications dans lesquelles la temp\u00e9rature ne doit pas d\u00e9passer 90 \u00b0C. Il est utilisable en tant que simple syst\u00e8me d\u2019alarme ou en tant que disjoncteur dans un dispositif qui, en cas de surchauffe, peut s\u00e9rieusement endommager le mat\u00e9riel ou induire un risque d\u2019incendie. Une telle situation dangereuse peut notamment survenir suite \u00e0 une d\u00e9faillance du thermostat d\u2019un br\u00fbleur se traduisant par un dysfonctionnement du contr\u00f4le de l\u2019alimentation en fioul et une surchauffe du br\u00fbleur concern\u00e9.<\/p>\n<h3>Une solution de s\u00e9curit\u00e9 id\u00e9ale pour les syst\u00e8mes de chauffage<\/h3>\n<p>Le KARI LS90 constitue une solution de s\u00e9curit\u00e9 fiable pour les syst\u00e8mes de toutes tailles. Outre les centrales au gaz et les habitations chauff\u00e9es au fioul, il convient \u00e9galement \u00e0 d\u2019autres modes de chauffage dont les syst\u00e8mes utilisant du gaz naturel ou des granul\u00e9s.<\/p>\n<h3>Il est \u00e9galement fiable en cas d\u2019orage ou toute autre perturbation de l\u2019alimentation \u00e9lectrique<\/h3>\n<p>Son principe de fonctionnement repose sur une temp\u00e9rature de fusion. C\u2019est ce qui rend le KARI LS90 unique et fiable. En effet, le syst\u00e8me de d\u00e9tection ne s\u2019appuie pas sur des capteurs \u00e9lectriques ou d\u2019autres composants \u00e9lectroniques sensibles aux orages et aux autres perturbations de l\u2019alimentation \u00e9lectrique.<\/p>\n<h3>Installation ais\u00e9e ind\u00e9pendamment de la solution d\u2019alimentation du dispositif principal<\/h3>\n<p>Le KARI LS90 s\u2019installe facilement dans le circuit de commande du dispositif principal o\u00f9 il ag\u00eet comme un syst\u00e8me de contr\u00f4le sans n\u00e9cessiter de transformateur. Lorsque la temp\u00e9rature augmente et que l\u2019alliage m\u00e9tallique fond, le circuit de contr\u00f4le s\u2019arr\u00eate et le circuit d\u2019alarme d\u00e9clenche une alarme. Dot\u00e9 d\u2019une unit\u00e9 de contact alliant un contact NF et un contact NO, le KARI LS90 convient \u00e0 tous les dispositifs, quel que soit le type de contact utilis\u00e9.<\/p>\n<h3>Un fusible facile \u00e0 changer<\/h3>\n<p>Le KARI LS90 doit \u00eatre install\u00e9 \u00e0 proximit\u00e9 du br\u00fbleur \u00e0 mazout ou de tout autre dispositif \u00e0 prot\u00e9ger. Vous devez \u00e9viter de placer le dispositif de s\u00e9curit\u00e9 \u00e0 un endroit o\u00f9 la temp\u00e9rature peut d\u00e9passer 40 \u00b0C dans des conditions normales d\u2019utilisation afin de pr\u00e9venir toute sensibilit\u00e9 du fusible au dysfonctionnement au fil du temps qui pourrait induire de fausses alarmes. Le fusible est install\u00e9 dans le couvercle du bo\u00eetier du dispositif afin d\u2019\u00eatre facilement accessible et rempla\u00e7able. Des fusibles de rechange sont disponibles (type S90).<\/p>\n","protected":false},"excerpt":{"rendered":"<p>Un dispositif de s\u00e9curit\u00e9 fiable en cas d\u2019\u00e9l\u00e9vation des temp\u00e9ratures. Une solution de s\u00e9curit\u00e9 con\u00e7ue pour d\u00e9clencher une alarme \u00e0 90 \u00b0C. Le fusible thermique KARI LS90 est un dispositif de s\u00e9curit\u00e9 fiable destin\u00e9 aux applications dans lesquelles des temp\u00e9ratures \u00e9lev\u00e9es peuvent s\u00e9rieusement endommager le mat\u00e9riel ou constituer un risque d\u2019incendie. <\/p>\n","protected":false},"featured_media":2109,"comment_status":"closed","ping_status":"closed","template":"","meta":[],"product_brand":[],"product_cat":[107],"product_tag":[],"class_list":{"0":"post-2108","1":"product","2":"type-product","3":"status-publish","4":"has-post-thumbnail","6":"product_cat-fusibles-thermiques","8":"first","9":"instock","10":"shipping-taxable","11":"product-type-simple"},"aioseo_notices":[],"_links":{"self":[{"href":"https:\/\/kari.fi\/fr\/wp-json\/wp\/v2\/product\/2108","targetHints":{"allow":["GET"]}}],"collection":[{"href":"https:\/\/kari.fi\/fr\/wp-json\/wp\/v2\/product"}],"about":[{"href":"https:\/\/kari.fi\/fr\/wp-json\/wp\/v2\/types\/product"}],"replies":[{"embeddable":true,"href":"https:\/\/kari.fi\/fr\/wp-json\/wp\/v2\/comments?post=2108"}],"wp:featuredmedia":[{"embeddable":true,"href":"https:\/\/kari.fi\/fr\/wp-json\/wp\/v2\/media\/2109"}],"wp:attachment":[{"href":"https:\/\/kari.fi\/fr\/wp-json\/wp\/v2\/media?parent=2108"}],"wp:term":[{"taxonomy":"product_brand","embeddable":true,"href":"https:\/\/kari.fi\/fr\/wp-json\/wp\/v2\/product_brand?post=2108"},{"taxonomy":"product_cat","embeddable":true,"href":"https:\/\/kari.fi\/fr\/wp-json\/wp\/v2\/product_cat?post=2108"},{"taxonomy":"product_tag","embeddable":true,"href":"https:\/\/kari.fi\/fr\/wp-json\/wp\/v2\/product_tag?post=2108"}],"curies":[{"name":"wp","href":"https:\/\/api.w.org\/{rel}","templated":true}]}}