{"id":2121,"date":"2020-04-24T15:51:44","date_gmt":"2020-04-24T12:51:44","guid":{"rendered":"https:\/\/kari.fi\/products\/interrupteurs-a-flotteur-kari-3h-3l-3y-3a-3he-3le-3ye-3ae\/"},"modified":"2021-03-10T13:10:10","modified_gmt":"2021-03-10T11:10:10","slug":"interrupteurs-a-flotteur-kari-3h-3l-3y-3a-3he-3le-3ye-3ae","status":"publish","type":"product","link":"https:\/\/kari.fi\/fr\/des-produits\/interrupteurs-a-flotteur-kari-3h-3l-3y-3a-3he-3le-3ye-3ae\/","title":{"rendered":"Interrupteurs \u00e0 flotteur KARI 3H | 3L | 3Y | 3A | 3HE | 3LE | 3YE | 3AE"},"content":{"rendered":"<h3>Exemple de fonctionnement du mod\u00e8le 3h<\/h3>\n<div class=\"sw-desc\"><img decoding=\"async\" src=\"\/wp-content\/uploads\/2020\/04\/alert.png\" alt=\"Alert\" \/><b>Alarme<\/b><br \/>\nLe liquide atteint un volume de surveillance.<\/div>\n<div class=\"sw-desc\"><img decoding=\"async\" src=\"\/wp-content\/uploads\/2020\/04\/play-b.png\" alt=\"Play\" \/><b>D\u00e9marrage<\/b><br \/>\nGrande quantit\u00e9 de liquide. La pompe de d\u00e9charge d\u00e9marre.<\/div>\n<div class=\"sw-desc\"><img decoding=\"async\" src=\"\/wp-content\/uploads\/2020\/04\/stop-b.png\" alt=\"Stop\" \/><b>Arr\u00eat<\/b><br \/>\nLimite inf\u00e9rieure de d\u00e9charge. La pompe de d\u00e9charge s\u2019arr\u00eate.<\/div>\n<h3 class=\"sec-h\">Fonctions<\/h3>\n<p><b>Discharging-pump control<\/b><\/p>\n<table class=\"desc-table\">\n<tbody>\n<tr>\n<td>3H<\/td>\n<td>Contr\u00f4le de la pompe de d\u00e9charge + alarme de niveau haut. Contr\u00f4le de la pompe avec un \u00e9l\u00e9ment de commutation.<\/td>\n<\/tr>\n<tr>\n<td>3HE<\/td>\n<td>Contr\u00f4le de la pompe de d\u00e9charge + alarme de niveau haut isol\u00e9e. Contr\u00f4le de la pompe avec un \u00e9l\u00e9ment de commutation.<\/td>\n<\/tr>\n<tr>\n<td>3Y<\/td>\n<td>Contr\u00f4le de la pompe de d\u00e9charge + alarme de niveau haut. Contr\u00f4le de la pompe avec deux \u00e9l\u00e9ments de commutation.<\/td>\n<\/tr>\n<tr>\n<td>3YE<\/td>\n<td>Contr\u00f4le de la pompe de d\u00e9charge + alarme de niveau haut isol\u00e9e. Contr\u00f4le de la pompe avec deux \u00e9l\u00e9ments de commutation.<\/td>\n<\/tr>\n<\/tbody>\n<\/table>\n<p><b>Contr\u00f4le de la pompe de charge<\/b><\/p>\n<table class=\"desc-table\">\n<tbody>\n<tr>\n<td>3L<\/td>\n<td>Contr\u00f4le de la pompe de charge + alarme de niveau bas. Contr\u00f4le de la pompe avec un \u00e9l\u00e9ment de commutation.<\/td>\n<\/tr>\n<tr>\n<td>3LE<\/td>\n<td>Contr\u00f4le de la pompe de charge + alarme de niveau bas isol\u00e9e. Contr\u00f4le de la pompe avec un \u00e9l\u00e9ment de commutation.<\/td>\n<\/tr>\n<tr>\n<td>3A<\/td>\n<td>Contr\u00f4le de la pompe de charge + alarme de niveau bas. Contr\u00f4le de la pompe avec deux \u00e9l\u00e9ments de commutation.<\/td>\n<\/tr>\n<tr>\n<td>3AE<\/td>\n<td>Contr\u00f4le de la pompe de charge + alarme de niveau bas isol\u00e9e. Contr\u00f4le de la pompe avec deux \u00e9l\u00e9ments de commutation.<\/td>\n<\/tr>\n<\/tbody>\n<\/table>\n","protected":false},"excerpt":{"rendered":"<p>L\u2019interrupteur \u00e0 flotteur KARI est un dispositif de contr\u00f4le des vannes magn\u00e9tiques ou un dispositif d\u2019alarme qui pr\u00e9vient l\u2019utilisateur lorsque les niveaux de surface sp\u00e9cifi\u00e9s sont atteints. Gr\u00e2ce \u00e0 son grand bo\u00eetier de flotteur (\u00d8 170\u00a0mm), l\u2019interrupteur \u00e0 flotteur KARI poss\u00e8de une flottabilit\u00e9 garantissant un fonctionnement homog\u00e8ne et ininterrompu quelles que soient les conditions. SGS FIMKO Oy (organisme d\u2019inspection \u00e9lectrique finnois) a r\u00e9alis\u00e9 des tests conform\u00e9ment \u00e0 la directive basse tension (LVD) et homologu\u00e9 l\u2019utilisation de l\u2019interrupteur \u00e0 flotteur KARI dans des liquides ininflammables \u00e0 250\u00a0volts.<\/p>\n","protected":false},"featured_media":2123,"comment_status":"closed","ping_status":"closed","template":"","meta":[],"product_brand":[],"product_cat":[103],"product_tag":[],"class_list":{"0":"post-2121","1":"product","2":"type-product","3":"status-publish","4":"has-post-thumbnail","6":"product_cat-interrupteurs-a-flotteur","8":"first","9":"instock","10":"shipping-taxable","11":"product-type-simple"},"aioseo_notices":[],"_links":{"self":[{"href":"https:\/\/kari.fi\/fr\/wp-json\/wp\/v2\/product\/2121","targetHints":{"allow":["GET"]}}],"collection":[{"href":"https:\/\/kari.fi\/fr\/wp-json\/wp\/v2\/product"}],"about":[{"href":"https:\/\/kari.fi\/fr\/wp-json\/wp\/v2\/types\/product"}],"replies":[{"embeddable":true,"href":"https:\/\/kari.fi\/fr\/wp-json\/wp\/v2\/comments?post=2121"}],"wp:featuredmedia":[{"embeddable":true,"href":"https:\/\/kari.fi\/fr\/wp-json\/wp\/v2\/media\/2123"}],"wp:attachment":[{"href":"https:\/\/kari.fi\/fr\/wp-json\/wp\/v2\/media?parent=2121"}],"wp:term":[{"taxonomy":"product_brand","embeddable":true,"href":"https:\/\/kari.fi\/fr\/wp-json\/wp\/v2\/product_brand?post=2121"},{"taxonomy":"product_cat","embeddable":true,"href":"https:\/\/kari.fi\/fr\/wp-json\/wp\/v2\/product_cat?post=2121"},{"taxonomy":"product_tag","embeddable":true,"href":"https:\/\/kari.fi\/fr\/wp-json\/wp\/v2\/product_tag?post=2121"}],"curies":[{"name":"wp","href":"https:\/\/api.w.org\/{rel}","templated":true}]}}