{"id":2124,"date":"2020-05-08T16:04:51","date_gmt":"2020-05-08T13:04:51","guid":{"rendered":"https:\/\/kari.fi\/products\/interrupteurs-a-flotteur-kari-m2h-m2l\/"},"modified":"2021-03-10T11:59:21","modified_gmt":"2021-03-10T09:59:21","slug":"interrupteurs-a-flotteur-kari-m2h-m2l","status":"publish","type":"product","link":"https:\/\/kari.fi\/fr\/des-produits\/interrupteurs-a-flotteur-kari-m2h-m2l\/","title":{"rendered":"Interrupteurs \u00e0 flotteur KARI M2H | M2L"},"content":{"rendered":"<h3>Exemple de fonctionnement du mod\u00e8le M2H<\/h3>\n<div class=\"sw-desc\"><img decoding=\"async\" src=\"\/wp-content\/uploads\/2020\/04\/play-b.png\" alt=\"Play\" \/><b>D\u00e9marrage<\/b><br \/>\nGrande quantit\u00e9 de liquide. La pompe de d\u00e9charge d\u00e9marre.<\/div>\n<div class=\"sw-desc\"><img decoding=\"async\" src=\"\/wp-content\/uploads\/2020\/04\/stop-b.png\" alt=\"Stop\" \/><b>Arr\u00eat<\/b><br \/>\nLimite inf\u00e9rieure de d\u00e9charge. La pompe de d\u00e9charge s\u2019arr\u00eate.<\/div>\n<h3 class=\"sec-h\">Fonctions<\/h3>\n<table class=\"desc-table\">\n<tbody>\n<tr>\n<td>M2H<\/td>\n<td>Contr\u00f4le de la pompe de d\u00e9charge<\/td>\n<\/tr>\n<tr>\n<td>M2L<\/td>\n<td>Contr\u00f4le de la pompe de charge<\/td>\n<\/tr>\n<\/tbody>\n<\/table>\n","protected":false},"excerpt":{"rendered":"<p>L\u2019interrupteur \u00e0 flotteur KARI est un dispositif de contr\u00f4le des pompes de charge et de d\u00e9charge, du moteur et des vannes magn\u00e9tiques. SGS FIMKO Oy (organisme d\u2019inspection \u00e9lectrique finnois) a r\u00e9alis\u00e9 des tests conform\u00e9ment \u00e0 la directive basse tension (LVD) et homologu\u00e9 l\u2019utilisation de l\u2019interrupteur \u00e0 flotteur KARI dans des liquides ininflammables \u00e0 250 volts.<\/p>\n","protected":false},"featured_media":2125,"comment_status":"closed","ping_status":"closed","template":"","meta":[],"product_brand":[],"product_cat":[103],"product_tag":[],"class_list":{"0":"post-2124","1":"product","2":"type-product","3":"status-publish","4":"has-post-thumbnail","6":"product_cat-interrupteurs-a-flotteur","8":"first","9":"instock","10":"shipping-taxable","11":"product-type-simple"},"aioseo_notices":[],"_links":{"self":[{"href":"https:\/\/kari.fi\/fr\/wp-json\/wp\/v2\/product\/2124","targetHints":{"allow":["GET"]}}],"collection":[{"href":"https:\/\/kari.fi\/fr\/wp-json\/wp\/v2\/product"}],"about":[{"href":"https:\/\/kari.fi\/fr\/wp-json\/wp\/v2\/types\/product"}],"replies":[{"embeddable":true,"href":"https:\/\/kari.fi\/fr\/wp-json\/wp\/v2\/comments?post=2124"}],"wp:featuredmedia":[{"embeddable":true,"href":"https:\/\/kari.fi\/fr\/wp-json\/wp\/v2\/media\/2125"}],"wp:attachment":[{"href":"https:\/\/kari.fi\/fr\/wp-json\/wp\/v2\/media?parent=2124"}],"wp:term":[{"taxonomy":"product_brand","embeddable":true,"href":"https:\/\/kari.fi\/fr\/wp-json\/wp\/v2\/product_brand?post=2124"},{"taxonomy":"product_cat","embeddable":true,"href":"https:\/\/kari.fi\/fr\/wp-json\/wp\/v2\/product_cat?post=2124"},{"taxonomy":"product_tag","embeddable":true,"href":"https:\/\/kari.fi\/fr\/wp-json\/wp\/v2\/product_tag?post=2124"}],"curies":[{"name":"wp","href":"https:\/\/api.w.org\/{rel}","templated":true}]}}