{"id":2126,"date":"2020-05-08T16:00:15","date_gmt":"2020-05-08T13:00:15","guid":{"rendered":"https:\/\/kari.fi\/products\/interrupteurs-a-flotteur-kari-m1c-m1h-m1l\/"},"modified":"2021-03-10T12:00:55","modified_gmt":"2021-03-10T10:00:55","slug":"interrupteurs-a-flotteur-kari-m1c-m1h-m1l","status":"publish","type":"product","link":"https:\/\/kari.fi\/fr\/des-produits\/interrupteurs-a-flotteur-kari-m1c-m1h-m1l\/","title":{"rendered":"Interrupteurs \u00e0 flotteur KARI M1C | M1H | M1L"},"content":{"rendered":"<h3>Exemple de fonctionnement du mod\u00e8le M1h<\/h3>\n<div class=\"sw-desc\"><img decoding=\"async\" src=\"\/wp-content\/uploads\/2020\/04\/alert.png\" alt=\"Alarm\" \/><b>D\u00e9marrage<\/b><br \/>\nLe liquide atteint un volume de surveillance.<\/div>\n<h3 class=\"sec-h\">Fonctions<\/h3>\n<table class=\"desc-table\">\n<tbody>\n<tr>\n<td>M1C<\/td>\n<td>Interrupteur inverseur<\/td>\n<\/tr>\n<tr>\n<td>M1H<\/td>\n<td>Alarme de niveau haut<\/td>\n<\/tr>\n<tr>\n<td>M1L<\/td>\n<td>Alarme de niveau bas<\/td>\n<\/tr>\n<\/tbody>\n<\/table>\n","protected":false},"excerpt":{"rendered":"<p>L\u2019interrupteur \u00e0 flotteur KARI est un dispositif de contr\u00f4le des vannes magn\u00e9tiques ou un dispositif d\u2019alarme qui pr\u00e9vient l\u2019utilisateur lorsque les niveaux de surface sp\u00e9cifi\u00e9s sont atteints. SGS FIMKO Oy (organisme d\u2019inspection \u00e9lectrique finnois) a r\u00e9alis\u00e9 des tests conform\u00e9ment \u00e0 la directive basse tension (LVD) et homologu\u00e9 l\u2019utilisation de l\u2019interrupteur \u00e0 flotteur KARI dans des liquides ininflammables \u00e0 250\u00a0volts.<\/p>\n","protected":false},"featured_media":2127,"comment_status":"closed","ping_status":"closed","template":"","meta":[],"product_brand":[],"product_cat":[103],"product_tag":[],"class_list":{"0":"post-2126","1":"product","2":"type-product","3":"status-publish","4":"has-post-thumbnail","6":"product_cat-interrupteurs-a-flotteur","8":"first","9":"instock","10":"shipping-taxable","11":"product-type-simple"},"aioseo_notices":[],"_links":{"self":[{"href":"https:\/\/kari.fi\/fr\/wp-json\/wp\/v2\/product\/2126","targetHints":{"allow":["GET"]}}],"collection":[{"href":"https:\/\/kari.fi\/fr\/wp-json\/wp\/v2\/product"}],"about":[{"href":"https:\/\/kari.fi\/fr\/wp-json\/wp\/v2\/types\/product"}],"replies":[{"embeddable":true,"href":"https:\/\/kari.fi\/fr\/wp-json\/wp\/v2\/comments?post=2126"}],"wp:featuredmedia":[{"embeddable":true,"href":"https:\/\/kari.fi\/fr\/wp-json\/wp\/v2\/media\/2127"}],"wp:attachment":[{"href":"https:\/\/kari.fi\/fr\/wp-json\/wp\/v2\/media?parent=2126"}],"wp:term":[{"taxonomy":"product_brand","embeddable":true,"href":"https:\/\/kari.fi\/fr\/wp-json\/wp\/v2\/product_brand?post=2126"},{"taxonomy":"product_cat","embeddable":true,"href":"https:\/\/kari.fi\/fr\/wp-json\/wp\/v2\/product_cat?post=2126"},{"taxonomy":"product_tag","embeddable":true,"href":"https:\/\/kari.fi\/fr\/wp-json\/wp\/v2\/product_tag?post=2126"}],"curies":[{"name":"wp","href":"https:\/\/api.w.org\/{rel}","templated":true}]}}