{"id":2130,"date":"2020-05-08T14:42:08","date_gmt":"2020-05-08T11:42:08","guid":{"rendered":"https:\/\/kari.fi\/products\/interrupteurs-a-flotteur-kari-c2h-c2y-c2l-c2a-c2hl\/"},"modified":"2021-03-10T12:02:00","modified_gmt":"2021-03-10T10:02:00","slug":"interrupteurs-a-flotteur-kari-c2h-c2y-c2l-c2a-c2hl","status":"publish","type":"product","link":"https:\/\/kari.fi\/fr\/des-produits\/interrupteurs-a-flotteur-kari-c2h-c2y-c2l-c2a-c2hl\/","title":{"rendered":"Interrupteurs \u00e0 flotteur KARI C2H | C2Y | C2L | C2A | C2HL"},"content":{"rendered":"<h3>Exemple de fonctionnement du mod\u00e8le C2h<\/h3>\n<div class=\"sw-desc\"><img decoding=\"async\" src=\"\/wp-content\/uploads\/2020\/04\/play-b.png\" alt=\"Play\" \/><b>D\u00e9marrage<\/b><br \/>\nGrande quantit\u00e9 de liquide. La pompe de d\u00e9charge d\u00e9marre..<\/div>\n<div class=\"sw-desc\"><img decoding=\"async\" src=\"\/wp-content\/uploads\/2020\/04\/stop-b.png\" alt=\"Stop\" \/><b>Arr\u00eat<\/b><br \/>\nLimite inf\u00e9rieure de d\u00e9charge. La pompe de d\u00e9charge s\u2019arr\u00eate.<\/div>\n<h3 class=\"sec-h\">Fonctions<\/h3>\n<p><b>Contr\u00f4le de la pompe de d\u00e9charge<\/b><\/p>\n<table class=\"desc-table\">\n<tbody>\n<tr>\n<td>C2H<\/td>\n<td>Contr\u00f4le de la pompe avec un \u00e9l\u00e9ment de commutation<\/td>\n<\/tr>\n<tr>\n<td>C2Y<\/td>\n<td>Contr\u00f4le de la pompe avec deux \u00e9l\u00e9ments de commutation. Deux alarmes de niveau haut (facultatif).<\/td>\n<\/tr>\n<\/tbody>\n<\/table>\n<p><b>Contr\u00f4le de la pompe de charge<\/b><\/p>\n<table class=\"desc-table\">\n<tbody>\n<tr>\n<td>C2L<\/td>\n<td>Contr\u00f4le de la pompe avec un \u00e9l\u00e9ment de commutation<\/td>\n<\/tr>\n<tr>\n<td>C2A<\/td>\n<td>Contr\u00f4le de la pompe avec deux \u00e9l\u00e9ments de commutation. Deux alarmes de niveau haut (facultatif).<\/td>\n<\/tr>\n<\/tbody>\n<\/table>\n<p><b>Alarme<\/b><\/p>\n<table class=\"desc-table\">\n<tbody>\n<tr>\n<td>C2HL<\/td>\n<td>Alarmes de niveau haut et bas<\/td>\n<\/tr>\n<\/tbody>\n<\/table>\n","protected":false},"excerpt":{"rendered":"<p>L\u2019interrupteur \u00e0 flotteur KARI est un dispositif de contr\u00f4le des vannes magn\u00e9tiques ou un dispositif d\u2019alarme qui pr\u00e9vient l\u2019utilisateur lorsque les niveaux de surface sp\u00e9cifi\u00e9s sont atteints. SGS FIMKO Oy (organisme d\u2019inspection \u00e9lectrique finnois) a r\u00e9alis\u00e9 des tests conform\u00e9ment \u00e0 la directive basse tension (LVD) et homologu\u00e9 l\u2019utilisation de l\u2019interrupteur \u00e0 flotteur KARI dans des liquides ininflammables \u00e0 250\u00a0volts.<\/p>\n","protected":false},"featured_media":2131,"comment_status":"closed","ping_status":"closed","template":"","meta":[],"product_brand":[],"product_cat":[103],"product_tag":[],"class_list":{"0":"post-2130","1":"product","2":"type-product","3":"status-publish","4":"has-post-thumbnail","6":"product_cat-interrupteurs-a-flotteur","8":"first","9":"instock","10":"shipping-taxable","11":"product-type-simple"},"aioseo_notices":[],"_links":{"self":[{"href":"https:\/\/kari.fi\/fr\/wp-json\/wp\/v2\/product\/2130","targetHints":{"allow":["GET"]}}],"collection":[{"href":"https:\/\/kari.fi\/fr\/wp-json\/wp\/v2\/product"}],"about":[{"href":"https:\/\/kari.fi\/fr\/wp-json\/wp\/v2\/types\/product"}],"replies":[{"embeddable":true,"href":"https:\/\/kari.fi\/fr\/wp-json\/wp\/v2\/comments?post=2130"}],"wp:featuredmedia":[{"embeddable":true,"href":"https:\/\/kari.fi\/fr\/wp-json\/wp\/v2\/media\/2131"}],"wp:attachment":[{"href":"https:\/\/kari.fi\/fr\/wp-json\/wp\/v2\/media?parent=2130"}],"wp:term":[{"taxonomy":"product_brand","embeddable":true,"href":"https:\/\/kari.fi\/fr\/wp-json\/wp\/v2\/product_brand?post=2130"},{"taxonomy":"product_cat","embeddable":true,"href":"https:\/\/kari.fi\/fr\/wp-json\/wp\/v2\/product_cat?post=2130"},{"taxonomy":"product_tag","embeddable":true,"href":"https:\/\/kari.fi\/fr\/wp-json\/wp\/v2\/product_tag?post=2130"}],"curies":[{"name":"wp","href":"https:\/\/api.w.org\/{rel}","templated":true}]}}