{"id":2150,"date":"2020-04-23T07:50:28","date_gmt":"2020-04-23T04:50:28","guid":{"rendered":"https:\/\/kari.fi\/products\/"},"modified":"2025-09-10T14:05:31","modified_gmt":"2025-09-10T11:05:31","slug":"produtos","status":"publish","type":"page","link":"https:\/\/kari.fi\/pt-pt\/produtos\/","title":{"rendered":"Produtos"},"content":{"rendered":"<h2>Mais de 50 anos de experi\u00eancia em dispositivos confi\u00e1veis para monitoramento e controle de n\u00edvel de superf\u00edcie<\/h2>\n<p><img decoding=\"async\" src=\"\/wp-content\/uploads\/2020\/05\/tuotteet_01.jpg\"><br \/>\n<span style=\"float: right; padding-top: 25px;\"><iframe loading=\"lazy\" width=\"400\" height=\"220\" src=\"https:\/\/www.youtube.com\/embed\/jnsMrZ9mO6o\" frameborder=\"0\" allow=\"accelerometer; autoplay; encrypted-media; gyroscope; picture-in-picture\" allowfullscreen=\"\"><\/iframe><\/span><br \/>\n<b>A Kari-Finn Oy desenvolve e fabrica chaves flutuantes KARI, projetadas para detectar e controlar n\u00edveis de \u00e1gua residual, l\u00edquidos gerados pela ind\u00fastria e l\u00edquidos com n\u00edvel vari\u00e1vel de viscosidade, al\u00e9m de l\u00edquidos em po\u00e7os, sistemas de bombeamento e tanques.<\/b><\/p>\n<p>As chaves de eletrodo KARI oferecem uma alternativa \u00e0s chaves flutuantes. Al\u00e9m de servir como sistema de alarme para um n\u00edvel de l\u00edquido predeterminado, elas tamb\u00e9m s\u00e3o indicadas para o uso com diversos sensores KARI para determinar os n\u00edveis de in\u00edcio e parada desejados.<\/p>\n<p>O KARI MS foi projetado para detectar o n\u00edvel da superf\u00edcie em silos em que produtos soltos, como gr\u00e3os ou areia, s\u00e3o armazenados.<\/p>\n<p>Quando equipadas com os rel\u00e9s KARI Exi, nossas chaves tamb\u00e9m s\u00e3o indicadas para uso em atmosferas potencialmente explosivas (espa\u00e7os ATEX), incluindo dep\u00f3sitos de \u00f3leo.<\/p>\n<p>Nossa gama de produtos tamb\u00e9m inclui unidades de alarme, arrancadores de bomba, conectores multipinos e fus\u00edveis t\u00e9rmicos projetados como dispositivos de seguran\u00e7a para queimadores de \u00f3leo.<\/p>\n","protected":false},"excerpt":{"rendered":"<p>Mais de 50 anos de experi\u00eancia em dispositivos confi\u00e1veis para monitoramento e controle de n\u00edvel de superf\u00edcie A Kari-Finn Oy desenvolve e fabrica chaves flutuantes KARI,<span class=\"excerpt-hellip\"> [\u2026]<\/span><\/p>\n","protected":false},"author":1,"featured_media":0,"parent":0,"menu_order":0,"comment_status":"closed","ping_status":"closed","template":"","meta":{"footnotes":""},"class_list":["post-2150","page","type-page","status-publish","hentry"],"aioseo_notices":[],"_links":{"self":[{"href":"https:\/\/kari.fi\/pt-pt\/wp-json\/wp\/v2\/pages\/2150","targetHints":{"allow":["GET"]}}],"collection":[{"href":"https:\/\/kari.fi\/pt-pt\/wp-json\/wp\/v2\/pages"}],"about":[{"href":"https:\/\/kari.fi\/pt-pt\/wp-json\/wp\/v2\/types\/page"}],"author":[{"embeddable":true,"href":"https:\/\/kari.fi\/pt-pt\/wp-json\/wp\/v2\/users\/1"}],"replies":[{"embeddable":true,"href":"https:\/\/kari.fi\/pt-pt\/wp-json\/wp\/v2\/comments?post=2150"}],"version-history":[{"count":1,"href":"https:\/\/kari.fi\/pt-pt\/wp-json\/wp\/v2\/pages\/2150\/revisions"}],"predecessor-version":[{"id":2151,"href":"https:\/\/kari.fi\/pt-pt\/wp-json\/wp\/v2\/pages\/2150\/revisions\/2151"}],"wp:attachment":[{"href":"https:\/\/kari.fi\/pt-pt\/wp-json\/wp\/v2\/media?parent=2150"}],"curies":[{"name":"wp","href":"https:\/\/api.w.org\/{rel}","templated":true}]}}