{"id":2284,"date":"2020-05-06T13:00:33","date_gmt":"2020-05-06T10:00:33","guid":{"rendered":"https:\/\/kari.fi\/products\/unidade-de-alarme-firefly\/"},"modified":"2020-10-16T16:29:36","modified_gmt":"2020-10-16T13:29:36","slug":"unidade-de-alarme-firefly","status":"publish","type":"product","link":"https:\/\/kari.fi\/pt-pt\/produtos\/unidade-de-alarme-firefly\/","title":{"rendered":"Unidade de alarme FireFly"},"content":{"rendered":"<p>O FireFly foi projetado para uso com uma simples unidade de alarme e pode substituir uma l\u00e2mpada de alarme vermelho existente: os alarmes da bomba e de n\u00edvel de \u00e1gua alto s\u00e3o enviados diretamente para o sistema SRO via Sigfox. Com a ajuda de uma bobina de energia externa, ele tamb\u00e9m pode detectar o n\u00famero de arranques e o tempo de opera\u00e7\u00e3o da bomba.<\/p>\n<p>A unidade de alarme \u00e0 bateria \u00e9 fornecida com 2 entradas digitais e 1 entrada anal\u00f3gica (0 a 10 V CC).<\/p>\n<p>O FireFly \u00e9 indicado para uso com a chave flutuante Kari em determinadas aplica\u00e7\u00f5es. Fale conosco para obter mais informa\u00e7\u00f5es.<\/p>\n","protected":false},"excerpt":{"rendered":"<p>O FireFly foi projetado para uso com uma simples unidade de alarme e pode substituir uma l\u00e2mpada de alarme vermelho existente: os alarmes da bomba e de n\u00edvel de \u00e1gua alto s\u00e3o enviados diretamente para o sistema SRO via Sigfox. Com a ajuda de uma bobina de energia externa, ele tamb\u00e9m pode detectar o n\u00famero de arranques e o tempo de opera\u00e7\u00e3o da bomba.\u00a0A unidade de alarme \u00e0 bateria \u00e9 fornecida com 2 entradas digitais e 1 entrada anal\u00f3gica (0 a 10 V CC).<\/p>\n","protected":false},"featured_media":2285,"comment_status":"closed","ping_status":"closed","template":"","meta":[],"product_brand":[],"product_cat":[116],"product_tag":[],"class_list":{"0":"post-2284","1":"product","2":"type-product","3":"status-publish","4":"has-post-thumbnail","6":"product_cat-firefly-pt-pt","8":"first","9":"instock","10":"shipping-taxable","11":"product-type-simple"},"aioseo_notices":[],"_links":{"self":[{"href":"https:\/\/kari.fi\/pt-pt\/wp-json\/wp\/v2\/product\/2284","targetHints":{"allow":["GET"]}}],"collection":[{"href":"https:\/\/kari.fi\/pt-pt\/wp-json\/wp\/v2\/product"}],"about":[{"href":"https:\/\/kari.fi\/pt-pt\/wp-json\/wp\/v2\/types\/product"}],"replies":[{"embeddable":true,"href":"https:\/\/kari.fi\/pt-pt\/wp-json\/wp\/v2\/comments?post=2284"}],"wp:featuredmedia":[{"embeddable":true,"href":"https:\/\/kari.fi\/pt-pt\/wp-json\/wp\/v2\/media\/2285"}],"wp:attachment":[{"href":"https:\/\/kari.fi\/pt-pt\/wp-json\/wp\/v2\/media?parent=2284"}],"wp:term":[{"taxonomy":"product_brand","embeddable":true,"href":"https:\/\/kari.fi\/pt-pt\/wp-json\/wp\/v2\/product_brand?post=2284"},{"taxonomy":"product_cat","embeddable":true,"href":"https:\/\/kari.fi\/pt-pt\/wp-json\/wp\/v2\/product_cat?post=2284"},{"taxonomy":"product_tag","embeddable":true,"href":"https:\/\/kari.fi\/pt-pt\/wp-json\/wp\/v2\/product_tag?post=2284"}],"curies":[{"name":"wp","href":"https:\/\/api.w.org\/{rel}","templated":true}]}}