{"id":2287,"date":"2020-05-08T16:34:25","date_gmt":"2020-05-08T13:34:25","guid":{"rendered":"https:\/\/kari.fi\/products\/chave-de-silo-kari-ms\/"},"modified":"2021-02-15T10:41:21","modified_gmt":"2021-02-15T08:41:21","slug":"chave-de-silo-kari-ms","status":"publish","type":"product","link":"https:\/\/kari.fi\/pt-pt\/produtos\/chave-de-silo-kari-ms\/","title":{"rendered":"Chave de silo KARI MS"},"content":{"rendered":"<h3>Um detector de n\u00edvel de superf\u00edcie para produtos armazenados soltos<\/h3>\n<p><strong>Projetada para o controle de uma variedade de produtos armazenados soltos<\/strong><\/p>\n<p>O KARI MS foi projetado para detectar o n\u00edvel da superf\u00edcie em silos em que produtos soltos, como gr\u00e3os ou areia, s\u00e3o armazenados. Seu funcionamento se baseia na inclina\u00e7\u00e3o da boia. Quando a superf\u00edcie dos produtos soltos no silo atinge o n\u00edvel da boia, inclinando-a em um \u00e2ngulo de 25\u00b0, uma chave dentro da boia \u00e9 acionada e dispara um alarme de n\u00edvel alto. A KARI MS pode ser usada em ambientes ATEX quando uma barreira de seguran\u00e7a intr\u00ednseca \u00e9 utilizada.<\/p>\n<h3>Um alarme que \u00e9 independente da dire\u00e7\u00e3o da inclina\u00e7\u00e3o<\/h3>\n<p>A KARI MS consiste em um cabo e uma chave em um inv\u00f3lucro dentro de um cone herm\u00e9tico. Esse cone \u00e9 instalado pendurado pelo cabo pr\u00f3ximo da abertura do silo. Quando a superf\u00edcie dos produtos soltos no silo atinge o n\u00edvel da boia, inclinando-a a um \u00e2ngulo de 25\u00b0, uma chave dispara um alarme de n\u00edvel alto. Ao instalar a chave, n\u00e3o \u00e9 preciso se preocupar com a dire\u00e7\u00e3o da inclina\u00e7\u00e3o, uma vez que a KARI MS emite o alarme independente da dire\u00e7\u00e3o para a qual se inclina.<\/p>\n<h3>Tr\u00eas tipos de produto<\/h3>\n<p>A KARI MS \u00e9 oferecida com tr\u00eas tipos de contatos el\u00e9tricos, tornando-a adequada para uma ampla variedade de aplica\u00e7\u00f5es, independente do tipo de contato. A KARI MS1 possui um contato normalmente aberto (NA) e a KARI MS2 possui um contato normalmente fechado (NF). Gra\u00e7as ao seu contato revers\u00edvel (CO), a KARI MS3 \u00e9 a escolha ideal quando o tipo de contato da aplica\u00e7\u00e3o \u00e9 desconhecido.<\/p>\n<h3>Cada chave passa por testes antes do uso<\/h3>\n<p>As chaves de silo KARI MS s\u00e3o confi\u00e1veis e oferecem alta qualidade consistente. Cada chave passa por rigorosos testes funcionais antes do envio para os clientes..<\/p>\n<p><img decoding=\"async\" style=\"width: 33%; float: left;\" src=\"\/wp-content\/uploads\/2020\/05\/ip67.png\" \/><img decoding=\"async\" style=\"width: 33%; float: left;\" src=\"\/wp-content\/uploads\/2020\/05\/ce_logo.png\" \/><img decoding=\"async\" style=\"width: 33%; float: left;\" src=\"\/wp-content\/uploads\/2020\/05\/fimko_logo.png\" \/><\/p>\n","protected":false},"excerpt":{"rendered":"<p>Um detector de n\u00edvel de superf\u00edcie para produtos armazenados soltos. Projetada para o controle de uma variedade de produtos armazenados soltos. O KARI MS foi projetado para detectar o n\u00edvel da superf\u00edcie em silos em que produtos soltos, como gr\u00e3os ou areia, s\u00e3o armazenados. Seu funcionamento se baseia na inclina\u00e7\u00e3o da boia. Quando a superf\u00edcie dos produtos soltos no silo atinge o n\u00edvel da boia, inclinando-a em um \u00e2ngulo de 25\u00b0, uma chave dentro da boia \u00e9 acionada e dispara um alarme de n\u00edvel alto. A KARI MS pode ser usada em ambientes ATEX quando uma barreira de seguran\u00e7a intr\u00ednseca \u00e9 utilizada.<\/p>\n","protected":false},"featured_media":2288,"comment_status":"closed","ping_status":"closed","template":"","meta":[],"product_brand":[],"product_cat":[117],"product_tag":[],"class_list":{"0":"post-2287","1":"product","2":"type-product","3":"status-publish","4":"has-post-thumbnail","6":"product_cat-chaves-flutuantes","8":"first","9":"instock","10":"shipping-taxable","11":"product-type-simple"},"aioseo_notices":[],"_links":{"self":[{"href":"https:\/\/kari.fi\/pt-pt\/wp-json\/wp\/v2\/product\/2287","targetHints":{"allow":["GET"]}}],"collection":[{"href":"https:\/\/kari.fi\/pt-pt\/wp-json\/wp\/v2\/product"}],"about":[{"href":"https:\/\/kari.fi\/pt-pt\/wp-json\/wp\/v2\/types\/product"}],"replies":[{"embeddable":true,"href":"https:\/\/kari.fi\/pt-pt\/wp-json\/wp\/v2\/comments?post=2287"}],"wp:featuredmedia":[{"embeddable":true,"href":"https:\/\/kari.fi\/pt-pt\/wp-json\/wp\/v2\/media\/2288"}],"wp:attachment":[{"href":"https:\/\/kari.fi\/pt-pt\/wp-json\/wp\/v2\/media?parent=2287"}],"wp:term":[{"taxonomy":"product_brand","embeddable":true,"href":"https:\/\/kari.fi\/pt-pt\/wp-json\/wp\/v2\/product_brand?post=2287"},{"taxonomy":"product_cat","embeddable":true,"href":"https:\/\/kari.fi\/pt-pt\/wp-json\/wp\/v2\/product_cat?post=2287"},{"taxonomy":"product_tag","embeddable":true,"href":"https:\/\/kari.fi\/pt-pt\/wp-json\/wp\/v2\/product_tag?post=2287"}],"curies":[{"name":"wp","href":"https:\/\/api.w.org\/{rel}","templated":true}]}}