{"id":2290,"date":"2020-05-08T16:24:07","date_gmt":"2020-05-08T13:24:07","guid":{"rendered":"https:\/\/kari.fi\/products\/chave-de-eletrodo-kari-elp\/"},"modified":"2020-10-19T10:07:40","modified_gmt":"2020-10-19T07:07:40","slug":"chave-de-eletrodo-kari-elp","status":"publish","type":"product","link":"https:\/\/kari.fi\/pt-pt\/produtos\/chave-de-eletrodo-kari-elp\/","title":{"rendered":"Chave de eletrodo KARI ELP"},"content":{"rendered":"<h3>Um sistema de controle vers\u00e1til para esgotos<\/h3>\n<p><strong>Uma solu\u00e7\u00e3o altamente confi\u00e1vel para esgotos com s\u00f3lidos<\/strong><\/p>\n<p>O sistema KARI ELP foi projetado para controlar os n\u00edveis de l\u00edquido em unidades de bombas de esgoto. Ele \u00e9 altamente confi\u00e1vel, uma vez que evita que dep\u00f3sitos no esgoto entrem em contato com o eletrodo que mede as altera\u00e7\u00f5es no n\u00edvel do l\u00edquido. Dependendo da maneira em que \u00e9 conectada e do n\u00famero de eletrodos utilizados, a KARI ELP \u00e9 indicada para uma ampla variedade de aplica\u00e7\u00f5es. Os n\u00edveis de opera\u00e7\u00e3o s\u00e3o de f\u00e1cil defini\u00e7\u00e3o.<\/p>\n<h3>Os l\u00edquidos precipitantes n\u00e3o entram em contato com o eletrodo<\/h3>\n<p>A KARI ELP \u00e9 um sistema de controle altamente confi\u00e1vel para esgotos e outros l\u00edquidos com dep\u00f3sitos. Gra\u00e7as ao seu design inovador, o esgoto n\u00e3o entra em contato com o eletrodo em nenhum n\u00edvel, evitando que os dep\u00f3sitos no esgoto interfiram no funcionamento do eletrodo.<\/p>\n<h3>Dispon\u00edvel em modelos horizontais e verticais<\/h3>\n<p>O sistema KARI ELP \u00e9 completo com uma bolsa de l\u00edquido auxiliar pr\u00e9-preenchida, a unidade de chave de eletrodo KARI EL22 e eletrodos com cabos. Al\u00e9m disso, \u00e9 necess\u00e1rio um tubo RST de 1 polegada. Ele \u00e9 anexado \u00e0 bolsa horizontal ou verticalmente. A configura\u00e7\u00e3o vertical \u00e9 usada quando uma camada grossa de sedimentos se encontra no fundo do tanque ou quando o sistema deve ser instalado em um po\u00e7o estreito ou tubo que n\u00e3o acomoda o sistema horizontal.<\/p>\n<h3>O l\u00edquido auxiliar monitora as altera\u00e7\u00f5es nos n\u00edveis do l\u00edquido<\/h3>\n<p>Os eletrodos s\u00e3o colocados dentro do tubo RST, instalando-os pendurados nos n\u00edveis desejados. Quando o n\u00edvel do esgoto aumenta, a press\u00e3o hidrost\u00e1tica for\u00e7a o l\u00edquido para fora da bolsa auxiliar, fazendo com que ele suba para o tubo. No tubo, o n\u00edvel do l\u00edquido auxiliar aumenta junto com o n\u00edvel do esgoto at\u00e9 atingir o eletrodo e disparar o alarme de n\u00edvel alto.<\/p>\n<h3>M\u00faltiplas fun\u00e7\u00f5es simult\u00e2neas para diversas bombas<\/h3>\n<p>O sistema KARI ELP possui quatro fun\u00e7\u00f5es de chave, incluindo fun\u00e7\u00f5es de controle da bomba e alarmes de n\u00edveis alto e baixo. O sistema possui um eletrodo individual para cada fun\u00e7\u00e3o, e os eletrodos s\u00e3o instalados pendurados na altura desejada. Para complementar, a KARI ELP pode ser usada para controlar diversas bombas simultaneamente. Uma configura\u00e7\u00e3o comum \u00e9 o sistema de tr\u00eas bombas, no qual as fun\u00e7\u00f5es de parada e de alarme de n\u00edvel alto s\u00e3o compartilhadas pelas tr\u00eas bombas, mas os n\u00edveis de in\u00edcio variam entre elas.<\/p>\n<h3>N\u00edveis de opera\u00e7\u00e3o com precis\u00e3o de menos de um cent\u00edmetro<\/h3>\n<p>A KARI ELP \u00e9 um dispositivo de monitoramento e controle de alta precis\u00e3o para sistemas de esgoto. Os n\u00edveis de opera\u00e7\u00e3o podem ser definidos com precis\u00e3o de menos de um cent\u00edmetro. Seu sistema de chave, a KARI EL22, foi aprovado pelo SGS Fimko. As chaves e o sistema KARI ELP passam por testes funcionais rigorosos antes de serem enviados para os clientes.<\/p>\n<p><img decoding=\"async\" style=\"width: 33%; float: left;\" src=\"\/wp-content\/uploads\/2020\/05\/sgs_finland_logo.png\" \/><img decoding=\"async\" style=\"width: 33%; float: left;\" src=\"\/wp-content\/uploads\/2020\/05\/ce_logo.png\" \/><img decoding=\"async\" style=\"width: 33%; float: left;\" src=\"\/wp-content\/uploads\/2020\/05\/suojausluokka_II.png\" \/><\/p>\n","protected":false},"excerpt":{"rendered":"<p>Um sistema de controle vers\u00e1til para esgotos. Uma solu\u00e7\u00e3o altamente confi\u00e1vel para esgotos com s\u00f3lidos. O sistema KARI ELP foi projetado para controlar os n\u00edveis de l\u00edquido em unidades de bombas de esgoto. Ele \u00e9 altamente confi\u00e1vel, uma vez que evita que dep\u00f3sitos no esgoto entrem em contato com o eletrodo que mede as altera\u00e7\u00f5es no n\u00edvel do l\u00edquido. Dependendo da maneira em que \u00e9 conectada e do n\u00famero de eletrodos utilizados, a KARI ELP \u00e9 indicada para uma ampla variedade de aplica\u00e7\u00f5es. Os n\u00edveis de opera\u00e7\u00e3o s\u00e3o de f\u00e1cil defini\u00e7\u00e3o.<\/p>\n","protected":false},"featured_media":2291,"comment_status":"closed","ping_status":"closed","template":"","meta":[],"product_brand":[],"product_cat":[117],"product_tag":[],"class_list":{"0":"post-2290","1":"product","2":"type-product","3":"status-publish","4":"has-post-thumbnail","6":"product_cat-chaves-flutuantes","8":"first","9":"instock","10":"shipping-taxable","11":"product-type-simple"},"aioseo_notices":[],"_links":{"self":[{"href":"https:\/\/kari.fi\/pt-pt\/wp-json\/wp\/v2\/product\/2290","targetHints":{"allow":["GET"]}}],"collection":[{"href":"https:\/\/kari.fi\/pt-pt\/wp-json\/wp\/v2\/product"}],"about":[{"href":"https:\/\/kari.fi\/pt-pt\/wp-json\/wp\/v2\/types\/product"}],"replies":[{"embeddable":true,"href":"https:\/\/kari.fi\/pt-pt\/wp-json\/wp\/v2\/comments?post=2290"}],"wp:featuredmedia":[{"embeddable":true,"href":"https:\/\/kari.fi\/pt-pt\/wp-json\/wp\/v2\/media\/2291"}],"wp:attachment":[{"href":"https:\/\/kari.fi\/pt-pt\/wp-json\/wp\/v2\/media?parent=2290"}],"wp:term":[{"taxonomy":"product_brand","embeddable":true,"href":"https:\/\/kari.fi\/pt-pt\/wp-json\/wp\/v2\/product_brand?post=2290"},{"taxonomy":"product_cat","embeddable":true,"href":"https:\/\/kari.fi\/pt-pt\/wp-json\/wp\/v2\/product_cat?post=2290"},{"taxonomy":"product_tag","embeddable":true,"href":"https:\/\/kari.fi\/pt-pt\/wp-json\/wp\/v2\/product_tag?post=2290"}],"curies":[{"name":"wp","href":"https:\/\/api.w.org\/{rel}","templated":true}]}}