{"id":2293,"date":"2020-05-08T16:13:27","date_gmt":"2020-05-08T13:13:27","guid":{"rendered":"https:\/\/kari.fi\/products\/chave-de-eletrodo-kari-el22\/"},"modified":"2021-02-15T10:08:22","modified_gmt":"2021-02-15T08:08:22","slug":"chave-de-eletrodo-kari-el22","status":"publish","type":"product","link":"https:\/\/kari.fi\/pt-pt\/produtos\/chave-de-eletrodo-kari-el22\/","title":{"rendered":"Chave de eletrodo KARI EL22"},"content":{"rendered":"<h3>Uma chave confi\u00e1vel para o controle de l\u00edquidos condutores<\/h3>\n<p><strong>Os sensores KARI s\u00e3o extremamente precisos e medem com a exatid\u00e3o de menos de um cent\u00edmetro<\/strong><\/p>\n<p>A Kari-Finn oferece sensores com n\u00edvel de precis\u00e3o extremamente alto para monitorar e controlar l\u00edquidos condutores. Voc\u00ea encontra a solu\u00e7\u00e3o ideal para uma ampla variedade de aplica\u00e7\u00f5es em nosso cat\u00e1logo, seja para instala\u00e7\u00f5es internas ou po\u00e7os e dep\u00f3sitos. A unidade central dos sensores, a chave de eletrodo KARI EL22, faz com que sejam eles adequados para uma variedade de usos. Al\u00e9m de servir como um sistema de alarme de n\u00edveis alto e baixo, elas podem ser usadas para definir os n\u00edveis desejados de in\u00edcio e parada.<\/p>\n<h3>Chave de eletrodo KARI EL22, uma unidade central para sensores<\/h3>\n<p>Aprovada pelo \u00f3rg\u00e3o de certifica\u00e7\u00e3o SGS Fimko, a unidade central dos nossos sensores, a KARI EL22, \u00e9 um dispositivo de monitoramento e controle extremamente preciso que possibilita definir os n\u00edveis operacionais do sensor com a exatid\u00e3o de menos de um cent\u00edmetro.<\/p>\n<h3>O sistema pode ser ajustado de acordo com a condutividade de cada l\u00edquido<\/h3>\n<p>O sistema \u00e9 indicado para o uso em uma ampla variedade de condi\u00e7\u00f5es, j\u00e1 que sua sensibilidade pode ser ajustada de acordo com a condutividade do l\u00edquido. A KARI EL22 serve para uma variedade de aplica\u00e7\u00f5es, dependendo da escolha dos sensores. Ela pode ser usada para:<\/p>\n<ul>\n<li>evitar o secamento de bombas de po\u00e7os artesianos<\/li>\n<li>controlar o enchimento e o esvaziamento<\/li>\n<li>controlar v\u00e1lvulas motoras e magn\u00e9ticas<\/li>\n<li>emitir alarmes de n\u00edveis alto e baixo<\/li>\n<li>determinar doses<\/li>\n<li>atuar como sensor de transbordamento para instala\u00e7\u00f5es internas<\/li>\n<\/ul>\n<h3>Segura e resistente<\/h3>\n<p>As medi\u00e7\u00f5es s\u00e3o realizadas com seguran\u00e7a e baix\u00edssima voltagem (SELV ou PELV). A KARI EL22 \u00e9 isolada da corrente de entrada por um transformador de duplo isolamento protegido contra curtos-circuitos, al\u00e9m de uma precau\u00e7\u00e3o adicional fornecida por um inv\u00f3lucro seguro mesmo em casos de vazamento de chumbo. Cada unidade central KARI EL22 passa por testes de funcionalidade antes do envio aos clientes.<\/p>\n<h3>A solu\u00e7\u00e3o em eletrodo ideal para qualquer aplica\u00e7\u00e3o<\/h3>\n<p>Geralmente, a KARI EL22 \u00e9 conectada a um eletrodo de po\u00e7o artesiano de limite de exposi\u00e7\u00e3o permiss\u00edvel (PEL) equipado com um cabo conector ou um eletrodo de barra HIR, instalado por meio de uma bucha na parede do dep\u00f3sito.<\/p>\n","protected":false},"excerpt":{"rendered":"<p>Uma chave confi\u00e1vel para o controle de l\u00edquidos condutores. Os sensores KARI s\u00e3o extremamente precisos e medem com a exatid\u00e3o de menos de um cent\u00edmetro. A Kari-Finn oferece sensores com n\u00edvel de precis\u00e3o extremamente alto para monitorar e controlar l\u00edquidos condutores. Voc\u00ea encontra a solu\u00e7\u00e3o ideal para uma ampla variedade de aplica\u00e7\u00f5es em nosso cat\u00e1logo, seja para instala\u00e7\u00f5es internas ou po\u00e7os e dep\u00f3sitos. A unidade central dos sensores, a chave de eletrodo KARI EL22, faz com que sejam eles adequados para uma variedade de usos. Al\u00e9m de servir como um sistema de alarme de n\u00edveis alto e baixo, elas podem ser usadas para definir os n\u00edveis desejados de in\u00edcio e parada.<\/p>\n","protected":false},"featured_media":2294,"comment_status":"closed","ping_status":"closed","template":"","meta":[],"product_brand":[],"product_cat":[117],"product_tag":[],"class_list":{"0":"post-2293","1":"product","2":"type-product","3":"status-publish","4":"has-post-thumbnail","6":"product_cat-chaves-flutuantes","8":"first","9":"instock","10":"shipping-taxable","11":"product-type-simple"},"aioseo_notices":[],"_links":{"self":[{"href":"https:\/\/kari.fi\/pt-pt\/wp-json\/wp\/v2\/product\/2293","targetHints":{"allow":["GET"]}}],"collection":[{"href":"https:\/\/kari.fi\/pt-pt\/wp-json\/wp\/v2\/product"}],"about":[{"href":"https:\/\/kari.fi\/pt-pt\/wp-json\/wp\/v2\/types\/product"}],"replies":[{"embeddable":true,"href":"https:\/\/kari.fi\/pt-pt\/wp-json\/wp\/v2\/comments?post=2293"}],"wp:featuredmedia":[{"embeddable":true,"href":"https:\/\/kari.fi\/pt-pt\/wp-json\/wp\/v2\/media\/2294"}],"wp:attachment":[{"href":"https:\/\/kari.fi\/pt-pt\/wp-json\/wp\/v2\/media?parent=2293"}],"wp:term":[{"taxonomy":"product_brand","embeddable":true,"href":"https:\/\/kari.fi\/pt-pt\/wp-json\/wp\/v2\/product_brand?post=2293"},{"taxonomy":"product_cat","embeddable":true,"href":"https:\/\/kari.fi\/pt-pt\/wp-json\/wp\/v2\/product_cat?post=2293"},{"taxonomy":"product_tag","embeddable":true,"href":"https:\/\/kari.fi\/pt-pt\/wp-json\/wp\/v2\/product_tag?post=2293"}],"curies":[{"name":"wp","href":"https:\/\/api.w.org\/{rel}","templated":true}]}}