{"id":2297,"date":"2020-05-06T14:25:22","date_gmt":"2020-05-06T11:25:22","guid":{"rendered":"https:\/\/kari.fi\/products\/rele-kari-exi\/"},"modified":"2020-10-19T10:14:13","modified_gmt":"2020-10-19T07:14:13","slug":"rele-kari-exi","status":"publish","type":"product","link":"https:\/\/kari.fi\/pt-pt\/produtos\/rele-kari-exi\/","title":{"rendered":"Rel\u00e9 KARI Exi"},"content":{"rendered":"<h3>Torna a chave flutuante indicada para atmosferas potencialmente explosivas (espa\u00e7os ATEX)<\/h3>\n<p><strong>Um rel\u00e9 seguro para chaves flutuantes usadas em atmosferas potencialmente explosivas<\/strong><\/p>\n<p>O rel\u00e9 KARI Exi foi projetado para oferecer uma solu\u00e7\u00e3o segura para sistema de controle para chaves flutuantes usadas em atmosferas potencialmente explosivas, incluindo dep\u00f3sitos de \u00f3leo. Suas propriedades de seguran\u00e7a baseiam-se em seu circuito inerentemente seguro, que evita a libera\u00e7\u00e3o de uma quantidade de energia el\u00e9trica suficiente para incendiar material inflam\u00e1vel. O rel\u00e9 KARI Exi adere aos principais padr\u00f5es de seguran\u00e7a internacionais, garantindo a seguran\u00e7a da chave flutuante no uso em in\u00fameras atmosferas potencialmente explosivas. Ele \u00e9 f\u00e1cil de instalar em um trilho DIN na parte exterior de um espa\u00e7o potencialmente explosivo.<\/p>\n<h3>Conformidade ATEX com o rel\u00e9 KARI Exi<\/h3>\n<p>O rel\u00e9 KARI Exi oferece uma solu\u00e7\u00e3o simples para ter uma chave flutuante em conformidade com a ATEX. O rel\u00e9 elimina os riscos de explos\u00e3o restringindo a quantidade de energia el\u00e9trica que adentra um espa\u00e7o ATEX. Geralmente, o rel\u00e9 KARI Exi \u00e9 usado em dep\u00f3sitos de \u00f3leo com os modelos de chave flutuante KARI C (\u00f8 99 mm) e M (\u00f8 76 mm). Ele tamb\u00e9m oferece uma excelente alternativa para chaves flutuantes para aplica\u00e7\u00f5es qu\u00edmicas e petroqu\u00edmicas.<\/p>\n<h3>Um rel\u00e9 para espa\u00e7os n\u00e3o ATEX<\/h3>\n<p>ex II I G Ex ia Ga IIC<br \/>\nO rel\u00e9 KARI Exi \u00e9 f\u00e1cil de instalar em um trilho DIN na parte exterior de um espa\u00e7o potencialmente explosivo. Gra\u00e7as aos seus componentes de alta qualidade, o rel\u00e9 \u00e9 confi\u00e1vel e resistente. Voc\u00ea pode escolher entre modelos de um ou dois canais, dependendo da aplica\u00e7\u00e3o. O KARI Exi de um canal pode ser usado como sistema de alarme de n\u00edvel alto ou baixo, por exemplo. O rel\u00e9 de dois canais possibilita o controle simult\u00e2neo de duas fun\u00e7\u00f5es.<\/p>\n<p><img decoding=\"async\" style=\"width: 16%; float: left;\" src=\"\/wp-content\/uploads\/2020\/04\/ex_II_I_G_Ex_ia_Ga_IIC.jpg\" \/><img decoding=\"async\" style=\"width: 16%; float: left;\" src=\"\/wp-content\/uploads\/2020\/04\/ce_logo.jpg\" \/><img decoding=\"async\" style=\"width: 16%; float: left;\" src=\"\/wp-content\/uploads\/2020\/04\/csa.jpg\" \/><img decoding=\"async\" style=\"width: 16%; float: left;\" src=\"\/wp-content\/uploads\/2020\/04\/culus_listed.jpg\" \/><img decoding=\"async\" style=\"width: 16%; float: left;\" src=\"\/wp-content\/uploads\/2020\/04\/fm_approved.jpg\" \/><img decoding=\"async\" style=\"width: 16%; float: left;\" src=\"\/wp-content\/uploads\/2020\/04\/sil_logo.jpg\" \/><\/p>\n","protected":false},"excerpt":{"rendered":"<p>Torna a chave flutuante indicada para atmosferas potencialmente explosivas (espa\u00e7os ATEX). Um rel\u00e9 seguro para chaves flutuantes usadas em atmosferas potencialmente explosivas. O rel\u00e9 KARI Exi foi projetado para oferecer uma solu\u00e7\u00e3o segura para sistema de controle para chaves flutuantes usadas em atmosferas potencialmente explosivas, incluindo dep\u00f3sitos de \u00f3leo. Suas propriedades de seguran\u00e7a baseiam-se em seu circuito inerentemente seguro, que evita a libera\u00e7\u00e3o de uma quantidade de energia el\u00e9trica suficiente para incendiar material inflam\u00e1vel. <\/p>\n","protected":false},"featured_media":2298,"comment_status":"closed","ping_status":"closed","template":"","meta":[],"product_brand":[],"product_cat":[115],"product_tag":[],"class_list":{"0":"post-2297","1":"product","2":"type-product","3":"status-publish","4":"has-post-thumbnail","6":"product_cat-produtos-atex","8":"first","9":"instock","10":"shipping-taxable","11":"product-type-simple"},"aioseo_notices":[],"_links":{"self":[{"href":"https:\/\/kari.fi\/pt-pt\/wp-json\/wp\/v2\/product\/2297","targetHints":{"allow":["GET"]}}],"collection":[{"href":"https:\/\/kari.fi\/pt-pt\/wp-json\/wp\/v2\/product"}],"about":[{"href":"https:\/\/kari.fi\/pt-pt\/wp-json\/wp\/v2\/types\/product"}],"replies":[{"embeddable":true,"href":"https:\/\/kari.fi\/pt-pt\/wp-json\/wp\/v2\/comments?post=2297"}],"wp:featuredmedia":[{"embeddable":true,"href":"https:\/\/kari.fi\/pt-pt\/wp-json\/wp\/v2\/media\/2298"}],"wp:attachment":[{"href":"https:\/\/kari.fi\/pt-pt\/wp-json\/wp\/v2\/media?parent=2297"}],"wp:term":[{"taxonomy":"product_brand","embeddable":true,"href":"https:\/\/kari.fi\/pt-pt\/wp-json\/wp\/v2\/product_brand?post=2297"},{"taxonomy":"product_cat","embeddable":true,"href":"https:\/\/kari.fi\/pt-pt\/wp-json\/wp\/v2\/product_cat?post=2297"},{"taxonomy":"product_tag","embeddable":true,"href":"https:\/\/kari.fi\/pt-pt\/wp-json\/wp\/v2\/product_tag?post=2297"}],"curies":[{"name":"wp","href":"https:\/\/api.w.org\/{rel}","templated":true}]}}