{"id":2299,"date":"2020-05-06T13:33:54","date_gmt":"2020-05-06T10:33:54","guid":{"rendered":"https:\/\/kari.fi\/products\/fusivel-termico-kari-ls90\/"},"modified":"2020-10-19T10:35:16","modified_gmt":"2020-10-19T07:35:16","slug":"fusivel-termico-kari-ls90","status":"publish","type":"product","link":"https:\/\/kari.fi\/pt-pt\/produtos\/fusivel-termico-kari-ls90\/","title":{"rendered":"Fus\u00edvel t\u00e9rmico KARI LS90"},"content":{"rendered":"<h3>Um dispositivo de seguran\u00e7a confi\u00e1vel para temperaturas altas<\/h3>\n<p><strong>Uma solu\u00e7\u00e3o de seguran\u00e7a projetada para emitir<br \/>\num alarme a 90 \u00b0C<\/strong><\/p>\n<p>O fus\u00edvel t\u00e9rmico KARI LS90 \u00e9 um dispositivo de seguran\u00e7a confi\u00e1vel para aplica\u00e7\u00f5es em que as altas temperaturas podem causar danos graves a equipamentos ou representar riscos de inc\u00eandio. Uma aplica\u00e7\u00e3o comum \u00e9 em esta\u00e7\u00f5es de aquecimento utilizando \u00f3leo como fonte de energia. O KARI LS90 \u00e9 instalado pr\u00f3ximo ao queimador de \u00f3leo. Quando a temperatura excede 90 \u00b0C, a liga met\u00e1lica na caixa do fus\u00edvel derrete, resultando no corte de energia. A alimenta\u00e7\u00e3o do \u00f3leo \u00e0 esta\u00e7\u00e3o \u00e9 interrompida, disparando o alarme. Com base em uma determinada temperatura de fundi\u00e7\u00e3o, o KARI LS90 \u00e9 um dispositivo de seguran\u00e7a confi\u00e1vel sem sensores el\u00e9tricos suscet\u00edveis a interfer\u00eancias e sem eletr\u00f4nica complexa.<\/p>\n<h3>A op\u00e7\u00e3o ideal para interruptores e sistemas de alarme com ampla variedade de aplica\u00e7\u00f5es<\/h3>\n<p>O KARI LS90 \u00e9 a op\u00e7\u00e3o ideal de dispositivo de seguran\u00e7a e prote\u00e7\u00e3o para a grande maioria de aplica\u00e7\u00f5es em que a temperatura n\u00e3o deve ultrapassar 90 \u00baC. Ele pode ser usado como simples sistema de alarme ou como interruptor em um dispositivo que, se sobreaquecido, pode causar danos graves aos equipamentos ou representar riscos de inc\u00eandio. Uma situa\u00e7\u00e3o nociva como essa pode, por exemplo, surgir como resultado de uma falha no termostato do queimador de \u00f3leo, causando problemas no controle de alimenta\u00e7\u00e3o de \u00f3leo e sobreaquecendo o queimador de \u00f3leo.<\/p>\n<h3>A solu\u00e7\u00e3o de seguran\u00e7a ideal para sistemas de aquecimento<\/h3>\n<p>O KARI LS90 oferece uma solu\u00e7\u00e3o de seguran\u00e7a confi\u00e1vel para sistemas pequenos e grandes. Al\u00e9m de esta\u00e7\u00f5es de energia a \u00f3leo e lares com aquecimento a \u00f3leo, ele \u00e9 indicado para outros m\u00e9todos de aquecimento, incluindo sistemas que utilizam g\u00e1s natural ou pellets.<\/p>\n<h3>Ele tamb\u00e9m \u00e9 confi\u00e1vel em casos de trov\u00f5es ou outras interfer\u00eancias na alimenta\u00e7\u00e3o de energia<\/h3>\n<p>Seu princ\u00edpio de opera\u00e7\u00e3o, baseado na temperatura de fundi\u00e7\u00e3o, \u00e9 o que faz do KARI LS90 um dispositivo de seguran\u00e7a confi\u00e1vel e exclusivo. Seu sistema de detec\u00e7\u00e3o n\u00e3o depende de sensores el\u00e9tricos ou outro tipo de eletr\u00f4nica sens\u00edvel a tempestades ou outras interrup\u00e7\u00f5es na alimenta\u00e7\u00e3o de energia.<\/p>\n<h3>F\u00e1cil instala\u00e7\u00e3o, independente da solu\u00e7\u00e3o de energia do dispositivo principal<\/h3>\n<p>O KARI LS90 pode ser facilmente instalado no circuito de controle do dispositivo principal, onde atuar\u00e1 como sistema de controle sem precisar de um transformador. Quando a temperatura aumenta e a liga met\u00e1lica derrete, o circuito de controle \u00e9 interrompido e o circuito de alarme dispara um alarme. Com uma unidade de contato com contato NF e NA, o KARI LS90 \u00e9 indicado para qualquer dispositivo, independente do tipo de contato.<\/p>\n<h3>Um fus\u00edvel f\u00e1cil de substituir<\/h3>\n<p>O KARI LS90 deve ser instalado pr\u00f3ximo ao queimador de \u00f3leo ou outro dispositivo a ser protegido. Recomenda-se evitar a instala\u00e7\u00e3o do dispositivo de seguran\u00e7a em um local em que a temperatura possa ultrapassar 40 \u00baC sob condi\u00e7\u00f5es normais para evitar que o fus\u00edvel fique suscet\u00edvel ao mau funcionamento com o tempo, levando a alarmes falsos. O fus\u00edvel real \u00e9 instalado na tampa da caixa do dispositivo, para facilitar o acesso e as substitui\u00e7\u00f5es. Fus\u00edveis sobressalentes dispon\u00edveis (tipo S90).<\/p>\n","protected":false},"excerpt":{"rendered":"<p>Um dispositivo de seguran\u00e7a confi\u00e1vel para temperaturas altas. Uma solu\u00e7\u00e3o de seguran\u00e7a projetada para emitir um alarme a 90 \u00b0C. O fus\u00edvel t\u00e9rmico KARI LS90 \u00e9 um dispositivo de seguran\u00e7a confi\u00e1vel para aplica\u00e7\u00f5es em que as altas temperaturas podem causar danos graves a equipamentos ou representar riscos de inc\u00eandio. Uma aplica\u00e7\u00e3o comum \u00e9 em esta\u00e7\u00f5es de aquecimento utilizando \u00f3leo como fonte de energia. O KARI LS90 \u00e9 instalado pr\u00f3ximo ao queimador de \u00f3leo. <\/p>\n","protected":false},"featured_media":2300,"comment_status":"closed","ping_status":"closed","template":"","meta":[],"product_brand":[],"product_cat":[121],"product_tag":[],"class_list":{"0":"post-2299","1":"product","2":"type-product","3":"status-publish","4":"has-post-thumbnail","6":"product_cat-fusiveis-termicos","8":"first","9":"instock","10":"shipping-taxable","11":"product-type-simple"},"aioseo_notices":[],"_links":{"self":[{"href":"https:\/\/kari.fi\/pt-pt\/wp-json\/wp\/v2\/product\/2299","targetHints":{"allow":["GET"]}}],"collection":[{"href":"https:\/\/kari.fi\/pt-pt\/wp-json\/wp\/v2\/product"}],"about":[{"href":"https:\/\/kari.fi\/pt-pt\/wp-json\/wp\/v2\/types\/product"}],"replies":[{"embeddable":true,"href":"https:\/\/kari.fi\/pt-pt\/wp-json\/wp\/v2\/comments?post=2299"}],"wp:featuredmedia":[{"embeddable":true,"href":"https:\/\/kari.fi\/pt-pt\/wp-json\/wp\/v2\/media\/2300"}],"wp:attachment":[{"href":"https:\/\/kari.fi\/pt-pt\/wp-json\/wp\/v2\/media?parent=2299"}],"wp:term":[{"taxonomy":"product_brand","embeddable":true,"href":"https:\/\/kari.fi\/pt-pt\/wp-json\/wp\/v2\/product_brand?post=2299"},{"taxonomy":"product_cat","embeddable":true,"href":"https:\/\/kari.fi\/pt-pt\/wp-json\/wp\/v2\/product_cat?post=2299"},{"taxonomy":"product_tag","embeddable":true,"href":"https:\/\/kari.fi\/pt-pt\/wp-json\/wp\/v2\/product_tag?post=2299"}],"curies":[{"name":"wp","href":"https:\/\/api.w.org\/{rel}","templated":true}]}}