{"id":2309,"date":"2020-04-24T16:12:36","date_gmt":"2020-04-24T13:12:36","guid":{"rendered":"https:\/\/kari.fi\/products\/conector-multipinos-kari-pkl\/"},"modified":"2021-02-15T10:18:33","modified_gmt":"2021-02-15T08:18:33","slug":"conector-multipinos-kari-pkl","status":"publish","type":"product","link":"https:\/\/kari.fi\/pt-pt\/produtos\/conector-multipinos-kari-pkl\/","title":{"rendered":"Conector multipinos KARI PKL"},"content":{"rendered":"<h3>Um conector de cabo de bomba herm\u00e9tico e confi\u00e1vel<\/h3>\n<h3>Uma solu\u00e7\u00e3o simples e econ\u00f4mica<\/h3>\n<p>O KARI PKL \u00e9 um conector de cabo herm\u00e9tico e confi\u00e1vel projetado para bombas submerg\u00edveis. Ele ajuda a gerar uma economia consider\u00e1vel nos custos de manuten\u00e7\u00e3o de bombas. Gra\u00e7as ao design do KARI PKL, a bomba pode ser desconectada e reconectada sem precisar de um eletricista. O KARI PKL \u00e9 um investimento para toda a vida que custa tanto quanto uma opera\u00e7\u00e3o de desconex\u00e3o e reconex\u00e3o realizada por um eletricista qualificado.<\/p>\n<h3>Design vers\u00e1til: o KARI PKL \u00e9 compat\u00edvel com todos os tipos de bomba<\/h3>\n<p>O KARI PKL simplifica o planejamento do trabalho envolvido na produ\u00e7\u00e3o ou atualiza\u00e7\u00e3o de esta\u00e7\u00f5es de bombas ou sistemas de \u00e1gua limpa e residual. Ele tamb\u00e9m oferece uma solu\u00e7\u00e3o simples para empresas de instala\u00e7\u00e3o e servi\u00e7o que oferecem servi\u00e7os de manuten\u00e7\u00e3o para esta\u00e7\u00f5es de bombas. Seu design herm\u00e9tico \u00e9 indicado tanto para grandes reservat\u00f3rios quanto para pequenos po\u00e7os.<\/p>\n<h3>Adequa\u00e7\u00e3o f\u00e1cil e segura a modelos antigos<\/h3>\n<p>O KARI PKL \u00e9 encaixado a um cabo que conecta a bomba submerg\u00edvel a um quadro de distribui\u00e7\u00e3o. A instala\u00e7\u00e3o \u00e9 r\u00e1pida e f\u00e1cil tamb\u00e9m quando se deseja substituir a solu\u00e7\u00e3o el\u00e9trica da bomba sem depender de assist\u00eancia especializada. Voc\u00ea ter\u00e1 a certeza de que o sistema sempre est\u00e1 conectado corretamente \u00e0 rede el\u00e9trica uma vez que \u00e9 imposs\u00edvel que a dire\u00e7\u00e3o de rota\u00e7\u00e3o da bomba mude ap\u00f3s a manuten\u00e7\u00e3o.<\/p>\n<h3>Uma bomba auxiliar de f\u00e1cil instala\u00e7\u00e3o que garante a opera\u00e7\u00e3o ininterrupta<\/h3>\n<p>Gra\u00e7as ao seu mecanismo de instala\u00e7\u00e3o r\u00e1pida e f\u00e1cil, o KARI PKL facilita implementar uma bomba auxiliar quando a bomba principal est\u00e1 em manuten\u00e7\u00e3o. Isso ajuda a evitar inatividade desnecess\u00e1ria e garante a opera\u00e7\u00e3o cont\u00ednua da bomba.<\/p>\n<h3>Uma solu\u00e7\u00e3o segura para o quadro de distribui\u00e7\u00e3o<\/h3>\n<p>Quando voc\u00ea usa o KARI PKL, n\u00e3o precisa se preocupar com as buchas do quadro de distribui\u00e7\u00e3o: n\u00e3o \u00e9 necess\u00e1rio desapert\u00e1-las quando a bomba \u00e9 desconectada. \u00c9 imposs\u00edvel que umidade e gases entrem em contato com o quadro de distribui\u00e7\u00e3o.<\/p>\n<h3>Um conector de alimenta\u00e7\u00e3o de energia para dispositivos eletr\u00f4nicos tamb\u00e9m em condi\u00e7\u00f5es de chuva<\/h3>\n<p>Al\u00e9m das esta\u00e7\u00f5es de bombas, o KARI PKL \u00e9 uma solu\u00e7\u00e3o ideal para dispositivos de alimenta\u00e7\u00e3o de energia operados em condi\u00e7\u00f5es \u00famidas ou como conector para cabos de extens\u00e3o em clima chuvoso. Seja qual for a aplica\u00e7\u00e3o, ao adquirir o conector a \u00fanica informa\u00e7\u00e3o necess\u00e1ria \u00e9 o n\u00famero de pinos (4 a 10) e o di\u00e2metro externo do cabo (9 a 32 mm).<\/p>\n","protected":false},"excerpt":{"rendered":"<p>A chave flutuante KARI \u00e9 um dispositivo de controle para o enchimento e o esvaziamento de bombas e v\u00e1lvulas motoras e magn\u00e9ticas. Tamb\u00e9m \u00e9 um dispositivo de alarme que informa n\u00edveis de superf\u00edcie espec\u00edficos. Gra\u00e7as ao seu grande inv\u00f3lucro (\u00d8 170 mm), a chave flutuante KARI tem flutua\u00e7\u00e3o que garante opera\u00e7\u00e3o est\u00e1vel e sem problemas sob todas as condi\u00e7\u00f5es. O SGS FIMKO Oy (\u00f3rg\u00e3o de inspe\u00e7\u00e3o el\u00e9trica finland\u00eas) realizou testes de acordo com a diretriz de baixa voltagem (LVD) e aprovou a chave flutuante KARI para o uso em l\u00edquidos n\u00e3o inflam\u00e1veis a 250 volts.<\/p>\n","protected":false},"featured_media":2313,"comment_status":"closed","ping_status":"closed","template":"","meta":[],"product_brand":[],"product_cat":[118],"product_tag":[],"class_list":{"0":"post-2309","1":"product","2":"type-product","3":"status-publish","4":"has-post-thumbnail","6":"product_cat-conectores-multipinos","8":"first","9":"instock","10":"shipping-taxable","11":"product-type-simple"},"aioseo_notices":[],"_links":{"self":[{"href":"https:\/\/kari.fi\/pt-pt\/wp-json\/wp\/v2\/product\/2309","targetHints":{"allow":["GET"]}}],"collection":[{"href":"https:\/\/kari.fi\/pt-pt\/wp-json\/wp\/v2\/product"}],"about":[{"href":"https:\/\/kari.fi\/pt-pt\/wp-json\/wp\/v2\/types\/product"}],"replies":[{"embeddable":true,"href":"https:\/\/kari.fi\/pt-pt\/wp-json\/wp\/v2\/comments?post=2309"}],"wp:featuredmedia":[{"embeddable":true,"href":"https:\/\/kari.fi\/pt-pt\/wp-json\/wp\/v2\/media\/2313"}],"wp:attachment":[{"href":"https:\/\/kari.fi\/pt-pt\/wp-json\/wp\/v2\/media?parent=2309"}],"wp:term":[{"taxonomy":"product_brand","embeddable":true,"href":"https:\/\/kari.fi\/pt-pt\/wp-json\/wp\/v2\/product_brand?post=2309"},{"taxonomy":"product_cat","embeddable":true,"href":"https:\/\/kari.fi\/pt-pt\/wp-json\/wp\/v2\/product_cat?post=2309"},{"taxonomy":"product_tag","embeddable":true,"href":"https:\/\/kari.fi\/pt-pt\/wp-json\/wp\/v2\/product_tag?post=2309"}],"curies":[{"name":"wp","href":"https:\/\/api.w.org\/{rel}","templated":true}]}}