{"id":2314,"date":"2020-04-24T14:43:36","date_gmt":"2020-04-24T11:43:36","guid":{"rendered":"https:\/\/kari.fi\/products\/%d1%81have-flutuante-kari-2h-2l-2y-2a-2hl\/"},"modified":"2021-06-01T12:21:21","modified_gmt":"2021-06-01T09:21:21","slug":"%d1%81have-flutuante-kari-2h-2l-2y-2a-2hl","status":"publish","type":"product","link":"https:\/\/kari.fi\/pt-pt\/produtos\/%d1%81have-flutuante-kari-2h-2l-2y-2a-2hl\/","title":{"rendered":"\u0421have flutuante KARI 2H | 2L | 2Y | 2A | 2HL"},"content":{"rendered":"<h3>Um exemplo de opera\u00e7\u00e3o do modelo 2H<\/h3>\n<div class=\"sw-desc\"><img decoding=\"async\" src=\"\/wp-content\/uploads\/2020\/04\/play-b.png\" alt=\"Play\" \/><b>In\u00edcio<\/b><br \/>\nGrande quantidade de l\u00edquido. O esvaziamento da bomba \u00e9 iniciado.<\/div>\n<div class=\"sw-desc\"><img decoding=\"async\" src=\"\/wp-content\/uploads\/2020\/04\/stop-b.png\" alt=\"Stop\" \/><b>Parada<\/b><br \/>\nLimite mais baixo para o esvaziamento. O esvaziamento da bomba \u00e9 parado.<\/div>\n<h3 class=\"sec-h\">Fun\u00e7\u00f5es<\/h3>\n<p><b>Controle de esvaziamento da bomba<\/b><\/p>\n<table class=\"desc-table\">\n<tbody>\n<tr>\n<td>2H<\/td>\n<td>Controle de bomba com um elemento comutador<\/td>\n<\/tr>\n<tr>\n<td>2Y<\/td>\n<td>Controle de bomba com dois elementos comutadores. Dois alarmes de n\u00edvel alto opcionais.<\/td>\n<\/tr>\n<\/tbody>\n<\/table>\n<p><b>Controle de enchimento da bomba<\/b><\/p>\n<table class=\"desc-table\">\n<tbody>\n<tr>\n<td>2L<\/td>\n<td>Controle de bomba com um elemento comutador<\/td>\n<\/tr>\n<tr>\n<td>2A<\/td>\n<td>Controle de bomba com dois elementos comutadores. Dois alarmes de n\u00edvel baixo opcionais<\/td>\n<\/tr>\n<\/tbody>\n<\/table>\n<p><b>Alarme<\/b><\/p>\n<table class=\"desc-table\">\n<tbody>\n<tr>\n<td>2HL<\/td>\n<td>Alarmes de n\u00edveis alto e baixo<\/td>\n<\/tr>\n<\/tbody>\n<\/table>\n","protected":false},"excerpt":{"rendered":"<p>A chave flutuante KARI \u00e9 um dispositivo de controle para o enchimento e o esvaziamento de bombas e v\u00e1lvulas motoras e magn\u00e9ticas. Gra\u00e7as ao seu grande inv\u00f3lucro (\u00d8 170 mm), a chave flutuante KARI tem flutua\u00e7\u00e3o que garante opera\u00e7\u00e3o est\u00e1vel e sem problemas sob todas as condi\u00e7\u00f5es. O SGS FIMKO Oy (\u00f3rg\u00e3o de inspe\u00e7\u00e3o el\u00e9trica finland\u00eas) realizou testes de acordo com a diretriz de baixa voltagem (LVD) e aprovou a chave flutuante KARI para o uso em l\u00edquidos n\u00e3o inflam\u00e1veis a 250 volts.<\/p>\n","protected":false},"featured_media":2316,"comment_status":"closed","ping_status":"closed","template":"","meta":[],"product_brand":[],"product_cat":[117],"product_tag":[],"class_list":{"0":"post-2314","1":"product","2":"type-product","3":"status-publish","4":"has-post-thumbnail","6":"product_cat-chaves-flutuantes","8":"first","9":"instock","10":"shipping-taxable","11":"product-type-simple"},"aioseo_notices":[],"_links":{"self":[{"href":"https:\/\/kari.fi\/pt-pt\/wp-json\/wp\/v2\/product\/2314","targetHints":{"allow":["GET"]}}],"collection":[{"href":"https:\/\/kari.fi\/pt-pt\/wp-json\/wp\/v2\/product"}],"about":[{"href":"https:\/\/kari.fi\/pt-pt\/wp-json\/wp\/v2\/types\/product"}],"replies":[{"embeddable":true,"href":"https:\/\/kari.fi\/pt-pt\/wp-json\/wp\/v2\/comments?post=2314"}],"wp:featuredmedia":[{"embeddable":true,"href":"https:\/\/kari.fi\/pt-pt\/wp-json\/wp\/v2\/media\/2316"}],"wp:attachment":[{"href":"https:\/\/kari.fi\/pt-pt\/wp-json\/wp\/v2\/media?parent=2314"}],"wp:term":[{"taxonomy":"product_brand","embeddable":true,"href":"https:\/\/kari.fi\/pt-pt\/wp-json\/wp\/v2\/product_brand?post=2314"},{"taxonomy":"product_cat","embeddable":true,"href":"https:\/\/kari.fi\/pt-pt\/wp-json\/wp\/v2\/product_cat?post=2314"},{"taxonomy":"product_tag","embeddable":true,"href":"https:\/\/kari.fi\/pt-pt\/wp-json\/wp\/v2\/product_tag?post=2314"}],"curies":[{"name":"wp","href":"https:\/\/api.w.org\/{rel}","templated":true}]}}