{"id":2322,"date":"2020-05-07T15:21:52","date_gmt":"2020-05-07T12:21:52","guid":{"rendered":"https:\/\/kari.fi\/products\/%d1%81have-flutuante-kari-4h-4l-4y-4a\/"},"modified":"2021-03-10T12:02:55","modified_gmt":"2021-03-10T10:02:55","slug":"%d1%81have-flutuante-kari-4h-4l-4y-4a","status":"publish","type":"product","link":"https:\/\/kari.fi\/pt-pt\/produtos\/%d1%81have-flutuante-kari-4h-4l-4y-4a\/","title":{"rendered":"\u0421have flutuante KARI 4H | 4L | 4Y | 4A"},"content":{"rendered":"<h3>Um exemplo de opera\u00e7\u00e3o do modelo 4h<\/h3>\n<div class=\"sw-desc\"><img decoding=\"async\" src=\"\/wp-content\/uploads\/2020\/04\/alert.png\" alt=\"Alert\" \/><b>Alarme de n\u00edvel alto<\/b><br \/>\nEmitido quando o n\u00edvel do l\u00edquido fica muito alto ou inicia o esvaziamento da v\u00e1lvula quando, por exemplo, a bomba est\u00e1 fora de servi\u00e7o.<\/div>\n<div class=\"sw-desc\"><img decoding=\"async\" src=\"\/wp-content\/uploads\/2020\/04\/play-b.png\" alt=\"Play\" \/><b>In\u00edcio<\/b><br \/>\nGrande quantidade de l\u00edquido. O esvaziamento da bomba \u00e9 iniciado.<\/div>\n<div class=\"sw-desc\"><img decoding=\"async\" src=\"\/wp-content\/uploads\/2020\/04\/stop-b.png\" alt=\"Stop\" \/><b>Parada<\/b><br \/>\nLimite mais baixo para o esvaziamento. O esvaziamento da bomba \u00e9 parado.<\/div>\n<div class=\"sw-desc\"><img decoding=\"async\" src=\"\/wp-content\/uploads\/2020\/04\/alert.png\" alt=\"Alert\" \/><b>Alarme de n\u00edvel baixo<\/b><br \/>\nEmitido quando o n\u00edvel do l\u00edquido fica muito baixo ou inicia o enchimento da v\u00e1lvula quando, por exemplo, a bomba est\u00e1 fora de servi\u00e7o.<\/div>\n<h3 class=\"sec-h\">Fun\u00e7\u00f5es<\/h3>\n<p><b>Controle de esvaziamento da bomba<\/b><\/p>\n<table class=\"desc-table\">\n<tbody>\n<tr>\n<td>4H<\/td>\n<td>Controle de bomba com um elemento comutador. Alarmes de n\u00edveis alto e baixo.<\/td>\n<\/tr>\n<tr>\n<td>4Y<\/td>\n<td>Controle de bomba com dois elementos comutadores. Alarmes de n\u00edveis alto e baixo.<\/td>\n<\/tr>\n<\/tbody>\n<\/table>\n<p><b>Controle de enchimento da bomba<\/b><\/p>\n<table class=\"desc-table\">\n<tbody>\n<tr>\n<td>4L<\/td>\n<td>Controle de bomba com um elemento comutador. Alarmes de n\u00edveis alto e baixo.<\/td>\n<\/tr>\n<tr>\n<td>4A<\/td>\n<td>Controle de bomba com dois elementos comutadores. Alarmes de n\u00edveis alto e baixo.<\/td>\n<\/tr>\n<\/tbody>\n<\/table>\n","protected":false},"excerpt":{"rendered":"<p>A chave flutuante KARI \u00e9 um dispositivo de controle para o enchimento e o esvaziamento de bombas e v\u00e1lvulas motoras e magn\u00e9ticas. Gra\u00e7as ao seu grande inv\u00f3lucro (\u00d8 170 mm), a chave flutuante KARI tem flutua\u00e7\u00e3o que garante opera\u00e7\u00e3o est\u00e1vel e sem problemas sob todas as condi\u00e7\u00f5es. O SGS FIMKO Oy (\u00f3rg\u00e3o de inspe\u00e7\u00e3o el\u00e9trica finland\u00eas) realizou testes de acordo com a diretriz de baixa voltagem (LVD) e aprovou a chave flutuante KARI para o uso em l\u00edquidos n\u00e3o inflam\u00e1veis a 250 volts.<\/p>\n","protected":false},"featured_media":2323,"comment_status":"closed","ping_status":"closed","template":"","meta":[],"product_brand":[],"product_cat":[117],"product_tag":[],"class_list":{"0":"post-2322","1":"product","2":"type-product","3":"status-publish","4":"has-post-thumbnail","6":"product_cat-chaves-flutuantes","8":"first","9":"instock","10":"shipping-taxable","11":"product-type-simple"},"aioseo_notices":[],"_links":{"self":[{"href":"https:\/\/kari.fi\/pt-pt\/wp-json\/wp\/v2\/product\/2322","targetHints":{"allow":["GET"]}}],"collection":[{"href":"https:\/\/kari.fi\/pt-pt\/wp-json\/wp\/v2\/product"}],"about":[{"href":"https:\/\/kari.fi\/pt-pt\/wp-json\/wp\/v2\/types\/product"}],"replies":[{"embeddable":true,"href":"https:\/\/kari.fi\/pt-pt\/wp-json\/wp\/v2\/comments?post=2322"}],"wp:featuredmedia":[{"embeddable":true,"href":"https:\/\/kari.fi\/pt-pt\/wp-json\/wp\/v2\/media\/2323"}],"wp:attachment":[{"href":"https:\/\/kari.fi\/pt-pt\/wp-json\/wp\/v2\/media?parent=2322"}],"wp:term":[{"taxonomy":"product_brand","embeddable":true,"href":"https:\/\/kari.fi\/pt-pt\/wp-json\/wp\/v2\/product_brand?post=2322"},{"taxonomy":"product_cat","embeddable":true,"href":"https:\/\/kari.fi\/pt-pt\/wp-json\/wp\/v2\/product_cat?post=2322"},{"taxonomy":"product_tag","embeddable":true,"href":"https:\/\/kari.fi\/pt-pt\/wp-json\/wp\/v2\/product_tag?post=2322"}],"curies":[{"name":"wp","href":"https:\/\/api.w.org\/{rel}","templated":true}]}}