{"id":2324,"date":"2020-05-07T15:46:47","date_gmt":"2020-05-07T12:46:47","guid":{"rendered":"https:\/\/kari.fi\/products\/%d1%81have-flutuante-kari-c1c-c1h-c1l\/"},"modified":"2021-03-10T12:02:29","modified_gmt":"2021-03-10T10:02:29","slug":"%d1%81have-flutuante-kari-c1c-c1h-c1l","status":"publish","type":"product","link":"https:\/\/kari.fi\/pt-pt\/produtos\/%d1%81have-flutuante-kari-c1c-c1h-c1l\/","title":{"rendered":"\u0421have flutuante KARI C1C | C1H | C1L"},"content":{"rendered":"<h3>Um exemplo de opera\u00e7\u00e3o do modelo c1h<\/h3>\n<div class=\"sw-desc\"><img decoding=\"async\" src=\"\/wp-content\/uploads\/2020\/04\/alert.png\" alt=\"Alarm\" \/><b>Alarme<\/b><br \/>\nO l\u00edquido sobe para um n\u00edvel espec\u00edfico para o monitoramento.<\/div>\n<h3 class=\"sec-h\">Fun\u00e7\u00f5es<\/h3>\n<table class=\"desc-table\">\n<tbody>\n<tr>\n<td>C1C<\/td>\n<td>Comutador<\/td>\n<\/tr>\n<tr>\n<td>C1H<\/td>\n<td>Alarme de n\u00edvel alto<\/td>\n<\/tr>\n<tr>\n<td>C1L<\/td>\n<td>Alarme de n\u00edvel baixo<\/td>\n<\/tr>\n<\/tbody>\n<\/table>\n","protected":false},"excerpt":{"rendered":"<p>A chave flutuante KARI \u00e9 um dispositivo de controle para v\u00e1lvulas magn\u00e9ticas ou um dispositivo de alarme que informa n\u00edveis de superf\u00edcie espec\u00edficos. O SGS FIMKO Oy (\u00f3rg\u00e3o de inspe\u00e7\u00e3o el\u00e9trica finland\u00eas) realizou testes de acordo com a diretriz de baixa voltagem (LVD) e aprovou a chave flutuante KARI para o uso em l\u00edquidos n\u00e3o inflam\u00e1veis a 250 volts.<\/p>\n","protected":false},"featured_media":2325,"comment_status":"closed","ping_status":"closed","template":"","meta":[],"product_brand":[],"product_cat":[117],"product_tag":[],"class_list":{"0":"post-2324","1":"product","2":"type-product","3":"status-publish","4":"has-post-thumbnail","6":"product_cat-chaves-flutuantes","8":"first","9":"instock","10":"shipping-taxable","11":"product-type-simple"},"aioseo_notices":[],"_links":{"self":[{"href":"https:\/\/kari.fi\/pt-pt\/wp-json\/wp\/v2\/product\/2324","targetHints":{"allow":["GET"]}}],"collection":[{"href":"https:\/\/kari.fi\/pt-pt\/wp-json\/wp\/v2\/product"}],"about":[{"href":"https:\/\/kari.fi\/pt-pt\/wp-json\/wp\/v2\/types\/product"}],"replies":[{"embeddable":true,"href":"https:\/\/kari.fi\/pt-pt\/wp-json\/wp\/v2\/comments?post=2324"}],"wp:featuredmedia":[{"embeddable":true,"href":"https:\/\/kari.fi\/pt-pt\/wp-json\/wp\/v2\/media\/2325"}],"wp:attachment":[{"href":"https:\/\/kari.fi\/pt-pt\/wp-json\/wp\/v2\/media?parent=2324"}],"wp:term":[{"taxonomy":"product_brand","embeddable":true,"href":"https:\/\/kari.fi\/pt-pt\/wp-json\/wp\/v2\/product_brand?post=2324"},{"taxonomy":"product_cat","embeddable":true,"href":"https:\/\/kari.fi\/pt-pt\/wp-json\/wp\/v2\/product_cat?post=2324"},{"taxonomy":"product_tag","embeddable":true,"href":"https:\/\/kari.fi\/pt-pt\/wp-json\/wp\/v2\/product_tag?post=2324"}],"curies":[{"name":"wp","href":"https:\/\/api.w.org\/{rel}","templated":true}]}}