{"id":2330,"date":"2020-05-08T14:53:12","date_gmt":"2020-05-08T11:53:12","guid":{"rendered":"https:\/\/kari.fi\/products\/%d1%81have-flutuante-kari-c3h-c3l-c3he-c3le\/"},"modified":"2021-03-10T12:01:31","modified_gmt":"2021-03-10T10:01:31","slug":"%d1%81have-flutuante-kari-c3h-c3l-c3he-c3le","status":"publish","type":"product","link":"https:\/\/kari.fi\/pt-pt\/produtos\/%d1%81have-flutuante-kari-c3h-c3l-c3he-c3le\/","title":{"rendered":"\u0421have flutuante KARI C3H | C3L | C3HE | C3LE"},"content":{"rendered":"<h3>Um exemplo de opera\u00e7\u00e3o do modelo C3h<\/h3>\n<div class=\"sw-desc\"><img decoding=\"async\" src=\"\/wp-content\/uploads\/2020\/04\/alert.png\" alt=\"Alert\" \/><b>High level alarm<\/b><br \/>\nEmitido quando o n\u00edvel do l\u00edquido fica muito alto ou inicia o esvaziamento da v\u00e1lvula quando, por exemplo, a bomba est\u00e1 fora de servi\u00e7o.<\/div>\n<div class=\"sw-desc\"><img decoding=\"async\" src=\"\/wp-content\/uploads\/2020\/04\/play-b.png\" alt=\"Play\" \/><b>In\u00edcio<\/b><br \/>\nGrande quantidade de l\u00edquido. O esvaziamento da bomba \u00e9 iniciado.<\/div>\n<div class=\"sw-desc\"><img decoding=\"async\" src=\"\/wp-content\/uploads\/2020\/04\/stop-b.png\" alt=\"Stop\" \/><b>Parada<\/b><br \/>\nLimite mais baixo para o esvaziamento. O esvaziamento da bomba \u00e9 parado.<\/div>\n<h3 class=\"sec-h\">Fun\u00e7\u00f5es<\/h3>\n<p><b>Controle de esvaziamento da bomba<\/b><\/p>\n<table class=\"desc-table\">\n<tbody>\n<tr>\n<td>C3H<\/td>\n<td>Controle de esvaziamento da bomba + alarme de n\u00edvel alto. <\/td>\n<\/tr>\n<tr>\n<td>C3HE<\/td>\n<td>Controle de esvaziamento da bomba + alarme de n\u00edvel alto isolado. <\/td>\n<\/tr>\n<\/tbody>\n<\/table>\n<p><b>Controle de enchimento da bomba<\/b><\/p>\n<table class=\"desc-table\">\n<tbody>\n<tr>\n<td>C3L<\/td>\n<td>Controle de enchimento da bomba + alarme de n\u00edvel baixo. .<\/td>\n<\/tr>\n<tr>\n<td>C3LE<\/td>\n<td>Controle de enchimento da bomba + alarme de n\u00edvel baixo isolado. <\/td>\n<\/tr>\n<\/tbody>\n<\/table>\n","protected":false},"excerpt":{"rendered":"<p>A chave flutuante KARI \u00e9 um dispositivo de controle para v\u00e1lvulas magn\u00e9ticas ou um dispositivo de alarme que informa n\u00edveis de superf\u00edcie espec\u00edficos. Gra\u00e7as ao seu grande inv\u00f3lucro (\u00d8 170 mm), a chave flutuante KARI tem flutua\u00e7\u00e3o que garante opera\u00e7\u00e3o est\u00e1vel e sem problemas sob todas as condi\u00e7\u00f5es. O SGS FIMKO Oy (\u00f3rg\u00e3o de inspe\u00e7\u00e3o el\u00e9trica finland\u00eas) realizou testes de acordo com a diretriz de baixa voltagem (LVD) e aprovou a chave flutuante KARI para o uso em l\u00edquidos n\u00e3o inflam\u00e1veis a 250 volts.<\/p>\n","protected":false},"featured_media":2331,"comment_status":"closed","ping_status":"closed","template":"","meta":[],"product_brand":[],"product_cat":[117],"product_tag":[],"class_list":{"0":"post-2330","1":"product","2":"type-product","3":"status-publish","4":"has-post-thumbnail","6":"product_cat-chaves-flutuantes","8":"first","9":"instock","10":"shipping-taxable","11":"product-type-simple"},"aioseo_notices":[],"_links":{"self":[{"href":"https:\/\/kari.fi\/pt-pt\/wp-json\/wp\/v2\/product\/2330","targetHints":{"allow":["GET"]}}],"collection":[{"href":"https:\/\/kari.fi\/pt-pt\/wp-json\/wp\/v2\/product"}],"about":[{"href":"https:\/\/kari.fi\/pt-pt\/wp-json\/wp\/v2\/types\/product"}],"replies":[{"embeddable":true,"href":"https:\/\/kari.fi\/pt-pt\/wp-json\/wp\/v2\/comments?post=2330"}],"wp:featuredmedia":[{"embeddable":true,"href":"https:\/\/kari.fi\/pt-pt\/wp-json\/wp\/v2\/media\/2331"}],"wp:attachment":[{"href":"https:\/\/kari.fi\/pt-pt\/wp-json\/wp\/v2\/media?parent=2330"}],"wp:term":[{"taxonomy":"product_brand","embeddable":true,"href":"https:\/\/kari.fi\/pt-pt\/wp-json\/wp\/v2\/product_brand?post=2330"},{"taxonomy":"product_cat","embeddable":true,"href":"https:\/\/kari.fi\/pt-pt\/wp-json\/wp\/v2\/product_cat?post=2330"},{"taxonomy":"product_tag","embeddable":true,"href":"https:\/\/kari.fi\/pt-pt\/wp-json\/wp\/v2\/product_tag?post=2330"}],"curies":[{"name":"wp","href":"https:\/\/api.w.org\/{rel}","templated":true}]}}